{"id":770,"date":"2024-06-17T12:06:59","date_gmt":"2024-06-17T10:06:59","guid":{"rendered":"https:\/\/eetasoft.ee\/eeva\/?page_id=770"},"modified":"2024-06-17T12:18:24","modified_gmt":"2024-06-17T10:18:24","slug":"eeva-arvekeskus","status":"publish","type":"page","link":"https:\/\/eetasoft.ee\/eeva\/eeva-arvekeskus\/","title":{"rendered":"Eeva arvekeskus"},"content":{"rendered":"\n<p>Eeva arvekeskus on m\u00f5eldud ostuarvetega t\u00f6\u00f6 automatiseerimiseks. Ostuarved loetakse e-arvete s\u00fcsteemist v\u00f5i e-postiga saadetavatest PDF ja Eesti e-arve XML failidest koos PDF manusega. Loetud ostuarved ilmuvad automaatselt programmi ostuarvete alla.<\/p>\n\n\n\n<p>Ostuarvete all saab ostuarveid vaadata manuse n\u00e4itamise valikuga ja neid aktsepteerida.<\/p>\n\n\n\n<figure class=\"wp-block-image size-full\"><img loading=\"lazy\" decoding=\"async\" width=\"666\" height=\"211\" src=\"https:\/\/eetasoft.ee\/eeva\/wp-content\/uploads\/image-5.png\" alt=\"\" class=\"wp-image-774\" srcset=\"https:\/\/eetasoft.ee\/eeva\/wp-content\/uploads\/image-5.png 666w, https:\/\/eetasoft.ee\/eeva\/wp-content\/uploads\/image-5-300x95.png 300w\" sizes=\"auto, (max-width: 666px) 100vw, 666px\" \/><\/figure>\n\n\n\n<p>Arvekeskuse v\u00f5imalused:<\/p>\n\n\n\n<ul class=\"wp-block-list\">\n<li>Ostuarvete lugemine Eesti e-arve formaadis arvetest<\/li>\n\n\n\n<li>Ostuarvete lugemine PDF jm. kujundatud formaatidest<\/li>\n\n\n\n<li>Eeva arvekeskuses on ettev\u00f5ttel oma e-posti aadress ostuarvete vastuv\u00f5tuks Tarnijad ja ettev\u00f5tte oma saadavad sinna arveid ja need ilmuvad ostuarvetesse.<\/li>\n\n\n\n<li>Kulude jaotamine<\/li>\n<\/ul>\n\n\n\n<p>Aktsepteerimine Eeva arvekeskuses:<\/p>\n\n\n\n<ul class=\"wp-block-list\">\n<li>Erinevad aktsepteerijad<\/li>\n\n\n\n<li>Aktsepteerimise j\u00e4rjekord<\/li>\n\n\n\n<li>Kinnitusringid<\/li>\n\n\n\n<li>Aktsepteerima arvete meeldetuletus<\/li>\n<\/ul>\n\n\n\n<figure class=\"wp-block-image size-large\"><img loading=\"lazy\" decoding=\"async\" width=\"1024\" height=\"366\" src=\"https:\/\/eetasoft.ee\/eeva\/wp-content\/uploads\/image-6-1024x366.png\" alt=\"\" class=\"wp-image-776\" srcset=\"https:\/\/eetasoft.ee\/eeva\/wp-content\/uploads\/image-6-1024x366.png 1024w, https:\/\/eetasoft.ee\/eeva\/wp-content\/uploads\/image-6-300x107.png 300w, https:\/\/eetasoft.ee\/eeva\/wp-content\/uploads\/image-6-768x275.png 768w, https:\/\/eetasoft.ee\/eeva\/wp-content\/uploads\/image-6-700x250.png 700w, https:\/\/eetasoft.ee\/eeva\/wp-content\/uploads\/image-6.png 1482w\" sizes=\"auto, (max-width: 1024px) 100vw, 1024px\" \/><\/figure>\n","protected":false},"excerpt":{"rendered":"<p>Eeva arvekeskus on m\u00f5eldud ostuarvetega t\u00f6\u00f6 automatiseerimiseks. Ostuarved loetakse e-arvete s\u00fcsteemist v\u00f5i e-postiga saadetavatest PDF ja Eesti e-arve XML failidest koos PDF manusega. Loetud ostuarved ilmuvad automaatselt programmi ostuarvete alla. Ostuarvete all saab ostuarveid vaadata manuse n\u00e4itamise valikuga ja neid aktsepteerida. Arvekeskuse v\u00f5imalused: Aktsepteerimine Eeva arvekeskuses:<\/p>\n","protected":false},"author":1,"featured_media":0,"parent":0,"menu_order":0,"comment_status":"closed","ping_status":"closed","template":"","meta":{"footnotes":""},"class_list":["post-770","page","type-page","status-publish","hentry","column","threecol"],"_links":{"self":[{"href":"https:\/\/eetasoft.ee\/eeva\/wp-json\/wp\/v2\/pages\/770","targetHints":{"allow":["GET"]}}],"collection":[{"href":"https:\/\/eetasoft.ee\/eeva\/wp-json\/wp\/v2\/pages"}],"about":[{"href":"https:\/\/eetasoft.ee\/eeva\/wp-json\/wp\/v2\/types\/page"}],"author":[{"embeddable":true,"href":"https:\/\/eetasoft.ee\/eeva\/wp-json\/wp\/v2\/users\/1"}],"replies":[{"embeddable":true,"href":"https:\/\/eetasoft.ee\/eeva\/wp-json\/wp\/v2\/comments?post=770"}],"version-history":[{"count":4,"href":"https:\/\/eetasoft.ee\/eeva\/wp-json\/wp\/v2\/pages\/770\/revisions"}],"predecessor-version":[{"id":777,"href":"https:\/\/eetasoft.ee\/eeva\/wp-json\/wp\/v2\/pages\/770\/revisions\/777"}],"wp:attachment":[{"href":"https:\/\/eetasoft.ee\/eeva\/wp-json\/wp\/v2\/media?parent=770"}],"curies":[{"name":"wp","href":"https:\/\/api.w.org\/{rel}","templated":true}]}}