{"id":758,"date":"2024-05-27T21:48:20","date_gmt":"2024-05-27T19:48:20","guid":{"rendered":"https:\/\/eetasoft.ee\/eeva\/?page_id=758"},"modified":"2024-05-27T21:54:00","modified_gmt":"2024-05-27T19:54:00","slug":"iseteeninduskassa","status":"publish","type":"page","link":"https:\/\/eetasoft.ee\/eeva\/moodulid\/iseteeninduskassa\/","title":{"rendered":"Iseteeninduskassa"},"content":{"rendered":"\n<p>Eeva iseteeninduskassa toetab ostupulte, kus ostjad skaneerivad kaupade ribakoode ja tasuvad kaardimaksega iseseisvalt. Ostupuldid paiknevad laadimisalustel. Sissetuleku alas on lukustusega alused, kassades lukustamata alused.<\/p>\n\n\n\n<figure class=\"wp-block-image size-large\"><img decoding=\"async\" src=\"data:image\/jpeg;base64,\/9j\/4AAQSkZJRgABAQAAAQABAAD\/2wCEAAkGBwgHBgkIBwgKCgkLDRYPDQwMDRsUFRAWIB0iIiAdHx8kKDQsJCYxJx8fLT0tMTU3Ojo6Iys\/RD84QzQ5OjcBCgoKDQwNGg8PGjclHyU3Nzc3Nzc3Nzc3Nzc3Nzc3Nzc3Nzc3Nzc3Nzc3Nzc3Nzc3Nzc3Nzc3Nzc3Nzc3Nzc3N\/\/AABEIAJQAywMBIgACEQEDEQH\/xAAcAAABBQEBAQAAAAAAAAAAAAAAAQQFBgcDAgj\/xABPEAABAwIEAQUKBg8HBQEAAAABAAIDBBEFBhIhMQcTQVFhFBUiUnGBkZKhwTJCVLGy0RYjJCY2RFNVYmNkcnOT4UNFdIOis8IzNJSj4iX\/xAAYAQEAAwEAAAAAAAAAAAAAAAAAAQIEA\/\/EABwRAQADAQEBAQEAAAAAAAAAAAABAhEDEjETIf\/aAAwDAQACEQMRAD8Aw1CEIFAJ4BFip\/KGXH5hqpA6cU9JTgOnlsHOA6mi4udusAK3RR5IwcOayjdiEo2L53mW\/oDWjzIMxQtTZjeXoWaI8sUluI1MZf5ylfjuXJW6Zcr0Zbe50sZ7iEGWWRYrVR9gGLkRVGFuoJHDSH08joyO2xuCqxnrJbssilraSs7twysLhDMWaXMI+I7fjbp6UFQQhdII3zSsijF3vcGtHWTwQeLFItNp8pZby7E37JpzW1p3MEUuiJnZsC53l2HzrszF8qQuHcuWKd4YLBz4xv53O9yDLEtlqv2Q4Dq\/BfD\/AFGfWkdi+T5XObV5Yp2F3wixpFvIWk2QZXZItPqck4DmGmknylVywVkYJ7hmfzjZOmzXbFp8oIWYuBa4hwsQbEHoQIlsUisWS8sOzLWzMfUdy0lO0Pnm06iLmwa1vSTv6Cgr1ikWpCLImCu5uLD34hICQZKiUyX8zQGhehj2XmMDYcr0QaOGqNgJ\/wBRQZWlsVqgzBgN98r0BHYxh94XjunI1cOaq8DbTfpRF0RHnFwgy6yRXDOuUqfBaaDE8KrXVeGTyc23WAJIn2uAbbG4BsRbgqegEIQgEIQgvWVHkZBx9l9jKz22CgXVUbXFtiLbbBTWVTfJGOt\/Wxn2hQJi1SOPapiNRM4fU+JUkUUbJaNsr2uJJLi3UD17Iq8So6kNbDQspjfi15N\/SuDKOQtLhE\/Q07u0mwv8y9dxSu0aYXu1gllmnwrcbbbq3hX2V5ay93Rm\/Q1wPTZW7HQJ+SCBzm6jBWRkG\/wdi1UfmdMgPSFdaouk5I6pjGudpqoybC9gHu39qrMYtE6zJTOToZZ81YTHA3VJ3XG8C9tmuDj7AoZWPk7\/AA0wr+KfolQlI5unazH6svufCAHoCiqaugimjkdFzjWm5Y4WBT\/Ng145WDqk29AUbFSvf8Fjn7gWaDxPAK8V1WbYkIsXw9kZacKje7rdK73BNA+OVr3s0RgXOkuAt07X4pe4Zi5zealLmC7xoJIHaOhcZaV8YaXxuYHDU3U21x1jrTwj2tHJ9NozTSlruDwCWntCqGaKc02Y8UhcWksqpLkcPhFWPIx5vMNF++oDORvmvF\/8XJ85VZWiUOFoGTI3xZGxucOs18pYAOIIZx\/1LPloOVTbk5xY\/tLvoMUJVl1VG1xaQ4EbcE6p8RpYomslpBK4P1XuW3HUmRi1SOPauzKZxbqDXaQAdQGwBVorqs2w5rMVo52BsNCymcDfUx5dfs3XJ2mOxL4ySL7PHUD7157kedNmP8K+nY+Fbq603fDpt5VM0R7W5khPJhjcd7tE1Obf5n9VnK0Sidbk8x9vWGf7jFnaouEIQgEIQgu+VPwHx3+LH84TCnh1m6ksptvkPHz1Ss9y4Ye0EN7V05x\/XPp8TsMpqYQ3TM6RkIYeDtf2sMubnotfzLpMebjkbLHOzndNzpHgadPDfe+nstfpRRwtNrrrUwNDehavz\/jL+irYiwSVEswBGtxdY+VWCkfbksxxva0f+1pUVXsADrKSw4NfycZgadtLQ7brD2LN1jJaeU7DMlYeT7bOWFfxT9EqvKw8n4vnLCx+t\/4lcnVJ5gbqzBXD9Z7gnuCSdyiRrg8skFrNNrdF\/Lum+Mi+Y66\/5X3BP6KNpstHKuwz9bZJ9FG9jmPMUxYx0fBoGossQDvsD51EYoWzxNaGvvqMh1fFOlrbDfh4KnuYbzd9geuyi66NoBsu088cY6ajssjmsw0YHj\/WonlCDRnXGdIsO6XKXwfwMxURHj+4qN5Sqd1NnfFWPIJdKH7dTmg+9Y7fWyvxWQr5lh1uTzFx+07+hioYV5y5YcnuKWcCTUC46vgKqyNp4de\/WrVTzmogiae6HvijLXfG13bbffo4qBw9oLG+RT9JC13HpWvnXYZOl8kS6oaZ0cndDNTGx6tNubIa4Xbv037OCr+KsbNWTztaWiR5cAePn7VZ6mBobfrUDWsADla1MRW+ulCfvFzAOxn02LP1oOHPa3JWYRJHrBY0AarWOptj5upZ8sTYEIQgEIQgvWT5WHI2Y4Aftg0yWt0W\/omlHKGnyFdcjlj8uZnh8LX3IXbDoDXKLbNoeunOclS8bC00tXpHFdZqy7VW46u3SvTqu44rR+jN+f8ATqtmBBspXCbnk\/zG0Am0d9v3mKrS1Go2V3yXBV1WVcepcPiEtRU08kUcZNtRcAD7CfYuHWdd+cZDJlY+TsXzphQ\/Wn6JUU\/CcRY5zX4fVAtJBHMu29i75ZZ982Esft93Qggjh4Y4rk6rJjztGY6398fMF3pKgDpTXNx5vMFWetzfohR8NTYLvztkOHSuytQrfAte6YVdQHAqL7s24rjLVXHFdZ6OUcz\/AAl18eoz+mPmK4crH4d4j5Iv9tqXLzucxmk\/ie4peVljm55xBxa4NcI9JI4\/a28OtZbfWqvxTxxV5y2CMgYsSD\/3It\/oVGC0HLfOu5OMRD2kRtncY7jiPAv5VVZG0UgaApqmqw3gVVmzaHkBOo6uw4rVS2QzdK7KyTVl27qHrJwQU1dWbcSmstRqU2urWidw6J0uSsxBguWsa\/j0BzbrP1f6J\/N5FzA\/UW6gxuxO93tFlQFkawhCEAlA4pEoQanyY4JryZjmKO1XmkFM0W2LQ25PpcAqHJHKX308AAblb\/lelbg3J9SUD23Pcup4Pjybn2u9io+OZVgq6jnaWdtPUSi+kjUH9ZtcexTE4iY1nLg9h2Fh+lZISSbNcHC3WLrU8HwenwykbEYWSS8XyuZu4p1PTU8zCySnjc12xGgKfSPLIZYpNXgtNrb3K1PkvLoaKR52L5tI7dv6KIZkoGqllkqhFRNOoAixDe032Uzl6tpZcZpKDDB9xUrXyF\/5V2m1x2eF51EzqYjGuUFe+URxlx1aetPWta599DbniSB9SrODTkVg34MKm5a3monPHFoJ9ihL5wz9TPjzBNG0bjSLeS49yrjY5QzVbwvNay17NmCUmJxCaokEUhdpbJtcOPR2hQGEZVFHVukxDm6gAjm2hpAv0kg+ZTFkTCg+Fp3I1dhSmOTmybG\/RvsVrZo6MAgUcAHVzYUDjGWGV0scuHMjp33tI3TZp6jt0qfSPKs5QiecapA4b6\/cvpCgq9UEUMoa5zRpF23ssboKGkyzURAy90YpK9rGDTbmwSBc9XHzrSqWotVRtB+OqrLKS0jaOPzsCpHKk8T4LLC0f9OJ4sBtuAfcrXz9hxVbxfTUx1HOHbc8L8P6IPnuVkhmLmg6V6LZA6wF29BOyuVZlQVLO6cHqGOgeb80\/g0+X3EKcw\/AsOpKZsb6eOeQAB8kjd3HpKn0jGYvEmo6RfoHavMscgfZupw6CVqVRhGGSsMb6KJrXbEsbYhQNNkqrlnl5yoZHTMJPOdbe3oCn0jytnIw3TR4hK5oOwHDt\/8AlLy4UoqsnQVLGRA0tY0uNgDpcHDbz2VgyfTUVFhLWYc7XE+5MlrayDb0cVFcqkb58iYiGRlxY6KQkdADxc+1VWfPaEIQC70MJqK2CBoJMkjWADpubLgp7IlN3XnDCYi4NHdLXkluoWb4XDzeZBv2Ly6KIRA7NLW+gLOs8yuFTQ6SQ5jC5rgbFpv0K8YvLqp2OPEvVPzNhdRiRimpS1z426Sxxtfe+xQdsu4u6upS2c6pYnaXOPxuoqcj0nfYbdKoOGUuJYY6TnaSbwj8Rhd8ymBik749Ipaq\/C3NO+pAZ9qGy4O6C92840nqNivfJ5A5rZ6k3sIw2\/lP9FH1eGYnio5sUzo2O+PLsArngOGjDMMFPq1vJ1PeNgTw28iCewiQiWR36Nk9rKg9yy7\/ABVF0J0RuPjG67VT\/uaX91BU88O1YEW8QZW7elQWVcXmMj6OocZGtaHMc7i3fhdWDHIO+NBJTtcGuuHMvwJHQqXT4fiGH1hlkppbFtrtbqFvMgv0ZD9wLgprjtY6kwirdDLplELtDm8WmygocbEQ0ubI13UWkJriFTU4jC+GnpZ5C8EbRlBG5RidNi9LclzjO17nE3Jtvc+haxRyE1jLngbql5MwCqop+6q0aHNBDI+Juekq40wtU36ggnee4bqHmdrZMPGDh7E6MukaioyecRSOuDbVwQZVT11RhuJMkpZC3U4CQdDhtxC0GCpbMy\/X0BUnG8CrIKt0kEbp4Q4uaYxc28id0uMspbMndzZHQ\/wT7UF3iY3Y2Av1qi5xxOapxmbDedIpoCLMHBxsLk9e5Ui3MlOdmzNJ6AHKDgwvEsWxh9THSy6ZHX1yN0t8tyg1fJbdOXaM\/qr+lxTPPbvvKxofs\/8AyCm8Hpm0eEwwB2oRxtjDrfCsNyoHOThJlDGWH5I93osUHzuhKUiAVv5LIWSZsZK5zmmCnlkaG9J06bHss4qoK8ckjX\/ZBVyhpMbaNwc7qu5tvmQalVOM8ekhN449DfDYQngmc2+kC65uLnHclB4bFGfihdWxR+L7UjRZeroPbGxtPggX7QvTnX2XMJSUDhr2NYACF5fI1zSCRYixCb3HUEXbxIHoQNBEWO6S3rsugYwru+V7hYbDs2XgBANib4zvSujYo+kE+UpAvQug6DS1paGgeRJG\/m3Fy8XXkoOj5dW54dSaVkZc7nWm9\/hDtXW\/WF6Emj4LBfrKBqyNtt+K6iIcNTvSvRJeSXJQgGxNHAu9K7xta0g7k9pXMXC9goH5qiIiFAZrd96uMD9jkUkXJtXn\/wDLxH\/BTfQKD52SJehIgFeuS6ugw9+LTVTi2PmY23AvuXiyoqsGV36abEW+MyP6aDURmnCCL90PPbzZXoZmwg\/jJ\/luWeoQaIMy4R8rHqH6l6+yTB\/lgHlYVnKVBo4zJg\/y1vqlIcyYP8tZ6pWcpEGjfZHg5\/HWeqfqR9kOEH8ej9B+pZykIQaSMfwg\/j0XtXoY9hPy+D0rNQEINNGOYV+cIPWSjG8KP94U\/rrMUqDTe\/eFfnCn9dHfrCj\/AHhTeusySINN78YX+cab1wjvthh4YhTH\/MCzJCDTxieHfL6b+aF7GI0Hy2m\/mhZbYdSLDqCDVBiFCeFbTfzWr2K+i+WU\/wDNb9ayiw6h6EWHUPQg1ju+i+W0\/wDNb9a5VNTTzUFfFFUQySPo5gxjZASToKyzSOoehSOXABjUFh8ST\/bcgz4pEqRB6LXNNnAg24FTOX37VbQG2LG+XYqMrKyeundPVyulmcAC93GwAA9gC6U9VNh8sghcx2oAEltx1oLKhRuHvxzFS7vdSPqXA2LYYdRv5OlPu8mcvzFiH\/hu+pB1QuJwbOX5hxHzUT\/qTGvZmDDm6sRw+qpW7bz0rox7QglEKud9ascXN9VHfWr8dvqoLFZCroxasP8AaD1QlOK1Y\/tB6oQWGyWyrvfWs\/KD1Qk77Vfjt9VBY7IVb77Vfjt9VHfar8dvqoLIkVd77Vfjt9VdoKrFagSmnjklbCwySmOIu0NHEmw2HaUE4jiq6cWrPyg9UI77Vn5QeqEFjsUKud9qvx2+qlGK1lidbdv0UFiQq532q\/HHqhHfar8dvqhBY+rtT\/AXObi0JY0vdaSzQbX+1uVaixml7ntNFXGfTuWTxhhPXbmyQOy\/nS0OYXUrHS\/dHdrQRFIyRgY24tu0sJPE9IQQZ4JEvQkQCUoQgAhCECxuLXgtJB6wbJXSOd8JxNjtc3SoQeCvTCLO2B8FKhB6pKmajqY6imkMc0Z1Me3i0rw97nuc5xuSbknpKEIFdKXR6NLQLg3A3XNCEAhCEAvWoi4B2shCBEiEIBKhCBEIQgEIQgEIQg\/\/2Q==\" alt=\"\"\/><\/figure>\n\n\n\n<h3 class=\"wp-block-heading\"><a><\/a>Ostja autentimine<\/h3>\n\n\n\n<p>Ostja isikustamiseks kasutatakse tahvli v\u00f5i arvutiga USB kaabliga \u00fchendatud triipkoodilugejat, millega loetakse ID kaardilt isikukood.<\/p>\n\n\n\n<figure class=\"wp-block-image size-full\"><img loading=\"lazy\" decoding=\"async\" width=\"864\" height=\"414\" src=\"https:\/\/eetasoft.ee\/eeva\/wp-content\/uploads\/image.png\" alt=\"\" class=\"wp-image-759\" srcset=\"https:\/\/eetasoft.ee\/eeva\/wp-content\/uploads\/image.png 864w, https:\/\/eetasoft.ee\/eeva\/wp-content\/uploads\/image-300x144.png 300w, https:\/\/eetasoft.ee\/eeva\/wp-content\/uploads\/image-768x368.png 768w, https:\/\/eetasoft.ee\/eeva\/wp-content\/uploads\/image-700x335.png 700w\" sizes=\"auto, (max-width: 864px) 100vw, 864px\" \/><\/figure>\n\n\n\n<p>Autentimiseks tuleb k\u00e4ivitada brauseris Eeva autentimisrakendus <a href=\"https:\/\/erp.eetasoft.ee\/baasinimi\/ostupult\/authenticate\">ostupult\/authenticate<\/a><\/p>\n\n\n\n<p>Ostja n\u00e4itab sk\u00e4nnerile Id kaarti, kust loetakse isikukood. Peale isikukoodi lugemist lukustatakse lahti laadimisalusel olev ostupult 10 sekundiks.<\/p>\n\n\n\n<figure class=\"wp-block-image size-full\"><img loading=\"lazy\" decoding=\"async\" width=\"869\" height=\"346\" src=\"https:\/\/eetasoft.ee\/eeva\/wp-content\/uploads\/image-1.png\" alt=\"\" class=\"wp-image-760\" srcset=\"https:\/\/eetasoft.ee\/eeva\/wp-content\/uploads\/image-1.png 869w, https:\/\/eetasoft.ee\/eeva\/wp-content\/uploads\/image-1-300x119.png 300w, https:\/\/eetasoft.ee\/eeva\/wp-content\/uploads\/image-1-768x306.png 768w, https:\/\/eetasoft.ee\/eeva\/wp-content\/uploads\/image-1-700x279.png 700w\" sizes=\"auto, (max-width: 869px) 100vw, 869px\" \/><\/figure>\n\n\n\n<p>Alus hakkab helendama ja heledus aeglaselt kahanema. Puldile ilmub esindatava valimise kiri.<\/p>\n\n\n\n<p>Ostja v\u00f5tab puldi ja valib oma esindatavate hulgast, kellele arve tehakse.<\/p>\n\n\n\n<p>Dokument \/ Arve alla lisatakse uus arve ostja andmetega. Moodustajaks masinaks pannakse opult, veergu Kaal pannakse puldi number.<\/p>\n\n\n\n<p>Puldi numbrid omistatakse pultidele j\u00e4rjest esimesel kasutusel.<br><br>Mitteolemasoleva isikukoodi sisestusel pakutakse uue ostja registreerimist:<\/p>\n\n\n\n<figure class=\"wp-block-image size-full\"><img loading=\"lazy\" decoding=\"async\" width=\"754\" height=\"365\" src=\"https:\/\/eetasoft.ee\/eeva\/wp-content\/uploads\/image-2.png\" alt=\"\" class=\"wp-image-761\" srcset=\"https:\/\/eetasoft.ee\/eeva\/wp-content\/uploads\/image-2.png 754w, https:\/\/eetasoft.ee\/eeva\/wp-content\/uploads\/image-2-300x145.png 300w, https:\/\/eetasoft.ee\/eeva\/wp-content\/uploads\/image-2-700x339.png 700w\" sizes=\"auto, (max-width: 754px) 100vw, 754px\" \/><\/figure>\n\n\n\n<h3 class=\"wp-block-heading\"><a><\/a>Kaupade skaneerimine<\/h3>\n\n\n\n<p>Puldiga skaneeritakse ribakoode. Kui kaup on juba skaneeritud, suurendatakse kogust, muidu lisatakse uus rida juurde.<\/p>\n\n\n\n<figure class=\"wp-block-image size-full\"><img loading=\"lazy\" decoding=\"async\" width=\"563\" height=\"740\" src=\"https:\/\/eetasoft.ee\/eeva\/wp-content\/uploads\/image-3.png\" alt=\"\" class=\"wp-image-762\" srcset=\"https:\/\/eetasoft.ee\/eeva\/wp-content\/uploads\/image-3.png 563w, https:\/\/eetasoft.ee\/eeva\/wp-content\/uploads\/image-3-228x300.png 228w\" sizes=\"auto, (max-width: 563px) 100vw, 563px\" \/><\/figure>\n\n\n\n<p>Olemas olevatel ridadel saab muuta koguseid. Muutuste salvestamiseks saab vajutada uuenda nupule v\u00f5i skaneerida j\u00e4rgmine ribakood.<\/p>\n\n\n\n<p>Toote eemaldamiseks pannakse koguseks 0 ja vajutatakse uuenda nupule.<\/p>\n\n\n\n<p>Kogusest s\u00f5ltuva hinna puhul arvutatakse hind \u00fcmber. All on n\u00e4ha l\u00f5ppsumma.<\/p>\n\n\n\n<p>Ostu v\u00f5ib katkestada, pannes puldi tagasi laadima. Siis kustutatakse puldist arve, kuid arvete nimekirja j\u00e4\u00e4b selle alles.<\/p>\n\n\n\n<h3 class=\"wp-block-heading\"><a><\/a>Iseteeninduskassas maksmine<\/h3>\n\n\n\n<p>Iseteeninduskassades t\u00f6\u00f6tab Eeva iseteeninduskassa programm ostupult\/kassa?kassanr=&lt;kassa number&gt;.<\/p>\n\n\n\n<figure class=\"wp-block-image size-full\"><img loading=\"lazy\" decoding=\"async\" width=\"565\" height=\"754\" src=\"https:\/\/eetasoft.ee\/eeva\/wp-content\/uploads\/image-4.png\" alt=\"\" class=\"wp-image-763\" srcset=\"https:\/\/eetasoft.ee\/eeva\/wp-content\/uploads\/image-4.png 565w, https:\/\/eetasoft.ee\/eeva\/wp-content\/uploads\/image-4-225x300.png 225w\" sizes=\"auto, (max-width: 565px) 100vw, 565px\" \/><\/figure>\n\n\n\n<p>Kaardimaksed tehakse Eeva Pinpadiga. Kaardimakse autoriseerimiseks jaoks k\u00e4ivitatakse Aruanne \/ Tasumata arve \/ Ostupuldi kassa. Seadista \/ Parameeter all t\u00e4idetakse kassa number ja kassa objekt.<\/p>\n\n\n\n<p>Kaardiga maksimiseks skaneerib ostja kassa juures oleva spetsiaalse ribakoodi, mis sisaldab kassa numbrit. Kassa number kirjutatakse arve p\u00e4isesse. Kassaprogramm kontrollib iga viie sekundi tagant, kas on tekkinud tasumist vajavaid selliseid arveid. Kui on, kustutatakse arvepuldist ja k\u00e4ivitatakse kaardimakse tegemine. Kui makse \u00f5nnestub, kinnitatakse arve, lisatakse tasumise muu sissetulud dokument ja tr\u00fckitakse ostu ning kaardimakse kviitungid.<\/p>\n\n\n\n<p>Kui makse ei \u00f5nnestu, kviitungit ei tr\u00fckita, logifailis ja saatmis aruandes on n\u00e4ha p\u00f5hjus.<\/p>\n\n\n\n<p>Muul viist tasumiseks l\u00e4heb ostja kassasse, kust otsitakse arvete alt ostja sisestatud arve ja vormistatakse makse.<\/p>\n\n\n\n<p>Ostuprotsessi jooksul on v\u00f5imalik ka suures arvutis arvete alt arvet korrigeerida.<\/p>\n\n\n\n<p>Pult pannakse tagasi laadima, on valmis j\u00e4rgmise ostja jaoks.<\/p>\n\n\n\n<h2 class=\"wp-block-heading\"><br><br><\/h2>\n","protected":false},"excerpt":{"rendered":"<p>Eeva iseteeninduskassa toetab ostupulte, kus ostjad skaneerivad kaupade ribakoode ja tasuvad kaardimaksega iseseisvalt. Ostupuldid paiknevad laadimisalustel. Sissetuleku alas on lukustusega alused, kassades lukustamata alused. Ostja autentimine Ostja isikustamiseks kasutatakse tahvli v\u00f5i arvutiga USB kaabliga \u00fchendatud triipkoodilugejat, millega loetakse ID kaardilt isikukood. Autentimiseks tuleb k\u00e4ivitada brauseris Eeva autentimisrakendus ostupult\/authenticate Ostja n\u00e4itab &#8230;<\/p>\n","protected":false},"author":1,"featured_media":0,"parent":248,"menu_order":0,"comment_status":"closed","ping_status":"closed","template":"","meta":{"footnotes":""},"class_list":["post-758","page","type-page","status-publish","hentry","column","threecol"],"_links":{"self":[{"href":"https:\/\/eetasoft.ee\/eeva\/wp-json\/wp\/v2\/pages\/758","targetHints":{"allow":["GET"]}}],"collection":[{"href":"https:\/\/eetasoft.ee\/eeva\/wp-json\/wp\/v2\/pages"}],"about":[{"href":"https:\/\/eetasoft.ee\/eeva\/wp-json\/wp\/v2\/types\/page"}],"author":[{"embeddable":true,"href":"https:\/\/eetasoft.ee\/eeva\/wp-json\/wp\/v2\/users\/1"}],"replies":[{"embeddable":true,"href":"https:\/\/eetasoft.ee\/eeva\/wp-json\/wp\/v2\/comments?post=758"}],"version-history":[{"count":3,"href":"https:\/\/eetasoft.ee\/eeva\/wp-json\/wp\/v2\/pages\/758\/revisions"}],"predecessor-version":[{"id":767,"href":"https:\/\/eetasoft.ee\/eeva\/wp-json\/wp\/v2\/pages\/758\/revisions\/767"}],"up":[{"embeddable":true,"href":"https:\/\/eetasoft.ee\/eeva\/wp-json\/wp\/v2\/pages\/248"}],"wp:attachment":[{"href":"https:\/\/eetasoft.ee\/eeva\/wp-json\/wp\/v2\/media?parent=758"}],"curies":[{"name":"wp","href":"https:\/\/api.w.org\/{rel}","templated":true}]}}