{"id":635,"date":"2015-12-27T19:23:02","date_gmt":"2015-12-27T16:23:02","guid":{"rendered":"http:\/\/eetasoft.ee\/eeva\/?page_id=635"},"modified":"2023-12-07T02:45:49","modified_gmt":"2023-12-06T23:45:49","slug":"tootetutvustused","status":"publish","type":"page","link":"https:\/\/eetasoft.ee\/eeva\/tootetutvustused\/","title":{"rendered":"Tootetutvustused"},"content":{"rendered":"<h1 align=\"center\">Eeva Majandustarkvara tootetutvustused<\/h1>\n<p>Siin sisalduvad materjalid allalaadimiseks doc ja pdf formaatides.<\/p>\n<h2>\u00dclevaated<\/h2>\n<p><a href=\"http:\/\/eetasoft.ee\/doc\/001%dclevaade.doc\">Eeva\u00a0\u00fcld\u00fclevaade<\/a><\/p>\n<p style=\"margin-left: 40px;\">Programmi osad\u00a0ja\u00a0v\u00f5imalused<\/p>\n<p><a href=\"http:\/\/eetasoft.ee\/doc\/002L%fchikursus.doc\">L\u00fchikursus<\/a><\/p>\n<p style=\"margin-left: 40px;\">Kursus programmiga t\u00f6\u00f6\u00a0alustamiseks. Arve sisestus, tasumine, palga arvutus lihtsal viisil.<\/p>\n<p><a href=\"http:\/\/eetasoft.ee\/doc\/18EPood.doc\">E-pood<\/a><\/p>\n<p style=\"margin-left: 40px;\">E-pood ja tellimiskeskus\u00a0internetis. Pildid ja tootepuu.<\/p>\n<p><a href=\"http:\/\/eetasoft.ee\/doc\/004AutoRemontJaAjaPlaneerimine.doc\">Teenindus<\/a><\/p>\n<p style=\"margin-left: 40px;\">Pakkumiste tegemine,\u00a0tellimuste vastuv\u00f5tt. Aja reserveerimine. T\u00f6\u00f6k\u00e4sud.<\/p>\n<p><a href=\"http:\/\/eetasoft.ee\/doc\/20PersonaliYlevaade.doc\">Personal (doc)<\/a><\/p>\n<p><a href=\"http:\/\/eetasoft.ee\/doc\/20PersonaliYlevaade.pdf\">Personal\u00a0(pdf)<\/a><\/p>\n<p style=\"margin-left: 40px;\">Personaliarvestuse \u00fclevaade.<\/p>\n<p><a href=\"http:\/\/eetasoft.ee\/doc\/006Broneerimine.pdf\">Broneerimiss\u00fcsteem<\/a><\/p>\n<p style=\"padding-left: 30px;\">Broneerimis- ja hotellis\u00fcsteem. booking.com liides<\/p>\n<p>\u00a0<span style=\"font-family: Oswald, sans-serif; font-size: 32px; font-weight: 300; letter-spacing: 1px; line-height: 1.62em;\">V\u00e4ljundite n\u00e4idised<\/span><\/p>\n<p>Eeva osade\u00a0aruannete\u00a0kommenteeritud\u00a0v\u00e4ljatr\u00fckid.<\/p>\n<p><a href=\"http:\/\/eetasoft.ee\/doc\/Dokumentide%20v%e4ljundite%20n%e4idised.doc\">Dokumentide\u00a0v\u00e4ljundite n\u00e4idised (doc)<\/a><\/p>\n<p><a href=\"http:\/\/eetasoft.ee\/doc\/Dokumentide%20v%e4ljundite%20n%e4idised.pdf\">Dokumentide\u00a0v\u00e4ljundite n\u00e4idised (pdf)<\/a><\/p>\n<p style=\"margin-left: 40px;\">Arveldused. Arved,\u00a0ostuarved, lepingud, aktid jm. Tasumine.<\/p>\n<p><a href=\"http:\/\/eetasoft.ee\/doc\/Ladu%20v%e4ljundite%20n%e4idised.doc\">Lao\u00a0v\u00e4ljundite n\u00e4idised<\/a><\/p>\n<p><a href=\"http:\/\/eetasoft.ee\/doc\/Ladu%20v%e4ljundite%20n%e4idised.pdf\">Lao\u00a0v\u00e4ljundite n\u00e4idised (pdf)<\/a><\/p>\n<p style=\"margin-left: 40px;\">Lao, teeninduse, m\u00fc\u00fcgi\u00a0anal\u00fc\u00fcsi v\u00e4ljundid.<\/p>\n<p><a href=\"http:\/\/eetasoft.ee\/doc\/Pearaamatu%20v%e4ljundite%20n%e4idised.doc\">Pearaamatu\u00a0v\u00e4ljundite n\u00e4idised<\/a><\/p>\n<p><a href=\"http:\/\/eetasoft.ee\/doc\/Pearaamatu%20v%e4ljundite%20n%e4idised.pdf\">Pearaamatu\u00a0v\u00e4ljundite n\u00e4idised (pdf)<\/a><\/p>\n<p style=\"margin-left: 40px;\">Finantsosa n\u00e4idised.\u00a0Bilanss, kasumiaruanne, rahavood, omakapitali muutused, v\u00f5rdlused,\u00a0anal\u00fc\u00fcsid.<\/p>\n<h2>Vene keeles<\/h2>\n<h5><a href=\"http:\/\/eetasoft.ee\/doc\/vene\/001VvedeniaEeva.doc\"><span style=\"font-family: Arial;\"><small><small><small>\u041e\u043f\u0438\u0441\u0430\u043d\u0438\u0435 \u043f\u0440\u043e\u0433\u0440\u0430\u043c\u043c\u044b &#8220;\u0415\u0435va&#8221;<\/small><\/small><\/small><\/span><\/a><span style=\"font-family: Arial; font-size: small;\"><small><small><small>\u00a0<\/small><\/small><\/small><\/span><\/h5>\n<h5><span><span><a href=\"http:\/\/eetasoft.ee\/doc\/vene\/0vkursus.DOC\"><span style=\"font-family: Arial; font-size: small;\">\u041a\u0440\u0430\u0442\u043a\u0438\u0439 \u043a\u0443\u0440\u0441<\/span><\/a><\/span><\/span><\/h5>\n<h2>Inglise keeles<\/h2>\n<p><a href=\"http:\/\/eetasoft.ee\/doc\/English\/0Parts.doc\">Overview<\/a><\/p>\n<p><a href=\"http:\/\/eetasoft.ee\/doc\/English\/1intro.doc\">Introduction<\/a><\/p>\n<p><a href=\"http:\/\/eetasoft.ee\/doc\/English\/15ExportImportFormats.doc\">Export-import\u00a0format description<\/a><\/p>\n<h2>Soome keeles<\/h2>\n<p><a href=\"http:\/\/eetasoft.ee\/doc\/Suomi\/fineeva.doc\">Ammattimainen\u00a0talousohjelmisto &#8220;Eeva&#8221;<\/a><\/p>\n<h2>Saksa keeles<\/h2>\n<p><a href=\"http:\/\/eetasoft.ee\/doc\/German\/001OverView.doc\">Buchhaltungs\u00a0software\u00a0 &#8220;Eeva&#8221;<\/a><\/p>\n","protected":false},"excerpt":{"rendered":"<p>Eeva Majandustarkvara tootetutvustused Siin sisalduvad materjalid allalaadimiseks doc ja pdf formaatides. \u00dclevaated Eeva\u00a0\u00fcld\u00fclevaade Programmi osad\u00a0ja\u00a0v\u00f5imalused L\u00fchikursus Kursus programmiga t\u00f6\u00f6\u00a0alustamiseks. Arve sisestus, tasumine, palga arvutus lihtsal viisil. E-pood E-pood ja tellimiskeskus\u00a0internetis. Pildid ja tootepuu. Teenindus Pakkumiste tegemine,\u00a0tellimuste vastuv\u00f5tt. Aja reserveerimine. T\u00f6\u00f6k\u00e4sud. Personal (doc) Personal\u00a0(pdf) Personaliarvestuse \u00fclevaade. Broneerimiss\u00fcsteem Broneerimis- ja hotellis\u00fcsteem. booking.com &#8230;<\/p>\n","protected":false},"author":1,"featured_media":0,"parent":0,"menu_order":0,"comment_status":"closed","ping_status":"open","template":"","meta":{"footnotes":""},"class_list":["post-635","page","type-page","status-publish","hentry","column","threecol"],"_links":{"self":[{"href":"https:\/\/eetasoft.ee\/eeva\/wp-json\/wp\/v2\/pages\/635","targetHints":{"allow":["GET"]}}],"collection":[{"href":"https:\/\/eetasoft.ee\/eeva\/wp-json\/wp\/v2\/pages"}],"about":[{"href":"https:\/\/eetasoft.ee\/eeva\/wp-json\/wp\/v2\/types\/page"}],"author":[{"embeddable":true,"href":"https:\/\/eetasoft.ee\/eeva\/wp-json\/wp\/v2\/users\/1"}],"replies":[{"embeddable":true,"href":"https:\/\/eetasoft.ee\/eeva\/wp-json\/wp\/v2\/comments?post=635"}],"version-history":[{"count":14,"href":"https:\/\/eetasoft.ee\/eeva\/wp-json\/wp\/v2\/pages\/635\/revisions"}],"predecessor-version":[{"id":741,"href":"https:\/\/eetasoft.ee\/eeva\/wp-json\/wp\/v2\/pages\/635\/revisions\/741"}],"wp:attachment":[{"href":"https:\/\/eetasoft.ee\/eeva\/wp-json\/wp\/v2\/media?parent=635"}],"curies":[{"name":"wp","href":"https:\/\/api.w.org\/{rel}","templated":true}]}}