{"id":613,"date":"2015-12-27T17:31:09","date_gmt":"2015-12-27T14:31:09","guid":{"rendered":"http:\/\/eetasoft.ee\/eeva\/?page_id=613"},"modified":"2015-12-27T17:33:09","modified_gmt":"2015-12-27T14:33:09","slug":"broneerimine-ja-hotell","status":"publish","type":"page","link":"https:\/\/eetasoft.ee\/eeva\/moodulid\/broneerimine-ja-hotell\/","title":{"rendered":"Broneerimine ja hotell"},"content":{"rendered":"<p><a href=\"https:\/\/eetasoft.ee\/eeva\/wp-content\/uploads\/broneerimine.png\"><img loading=\"lazy\" decoding=\"async\" class=\"alignnone size-medium wp-image-612\" alt=\"broneerimine\" src=\"https:\/\/eetasoft.ee\/eeva\/wp-content\/uploads\/broneerimine-300x180.png\" width=\"300\" height=\"180\" srcset=\"https:\/\/eetasoft.ee\/eeva\/wp-content\/uploads\/broneerimine-300x180.png 300w, https:\/\/eetasoft.ee\/eeva\/wp-content\/uploads\/broneerimine-700x420.png 700w, https:\/\/eetasoft.ee\/eeva\/wp-content\/uploads\/broneerimine.png 755w\" sizes=\"auto, (max-width: 300px) 100vw, 300px\" \/><\/a><\/p>\n<p>Eeva broneerimiskeskkond luba teha broneeriguid l\u00e4bi interneti. booking.com liides loeb booking.com s\u00fcsteemist saabunud broneeringud.<\/p>\n<p>Subjektide tabelis kirjeldatakse ruumid jm. ressursid, mida broneeritakse.<\/p>\n<p>Aja planeerimise tr\u00fckil avaneb klikitav aken, kus on n\u00e4ha reserveeritud ja vabad ajad ruumide ja p\u00e4evade kaupa.<\/p>\n<p>Hiirek\u00f5ps vabal kohal avab tellimuse akna, kus saab aja reserveerida. Hiirekl\u00f5ps broneeringul n\u00e4itab broneeringu detaile.<\/p>\n<p>&nbsp;<\/p>\n","protected":false},"excerpt":{"rendered":"<p>Eeva broneerimiskeskkond luba teha broneeriguid l\u00e4bi interneti. booking.com liides loeb booking.com s\u00fcsteemist saabunud broneeringud. Subjektide tabelis kirjeldatakse ruumid jm. ressursid, mida broneeritakse. Aja planeerimise tr\u00fckil avaneb klikitav aken, kus on n\u00e4ha reserveeritud ja vabad ajad ruumide ja p\u00e4evade kaupa. Hiirek\u00f5ps vabal kohal avab tellimuse akna, kus saab aja reserveerida. Hiirekl\u00f5ps &#8230;<\/p>\n","protected":false},"author":1,"featured_media":0,"parent":248,"menu_order":0,"comment_status":"closed","ping_status":"closed","template":"","meta":{"footnotes":""},"class_list":["post-613","page","type-page","status-publish","hentry","column","threecol"],"_links":{"self":[{"href":"https:\/\/eetasoft.ee\/eeva\/wp-json\/wp\/v2\/pages\/613","targetHints":{"allow":["GET"]}}],"collection":[{"href":"https:\/\/eetasoft.ee\/eeva\/wp-json\/wp\/v2\/pages"}],"about":[{"href":"https:\/\/eetasoft.ee\/eeva\/wp-json\/wp\/v2\/types\/page"}],"author":[{"embeddable":true,"href":"https:\/\/eetasoft.ee\/eeva\/wp-json\/wp\/v2\/users\/1"}],"replies":[{"embeddable":true,"href":"https:\/\/eetasoft.ee\/eeva\/wp-json\/wp\/v2\/comments?post=613"}],"version-history":[{"count":3,"href":"https:\/\/eetasoft.ee\/eeva\/wp-json\/wp\/v2\/pages\/613\/revisions"}],"predecessor-version":[{"id":616,"href":"https:\/\/eetasoft.ee\/eeva\/wp-json\/wp\/v2\/pages\/613\/revisions\/616"}],"up":[{"embeddable":true,"href":"https:\/\/eetasoft.ee\/eeva\/wp-json\/wp\/v2\/pages\/248"}],"wp:attachment":[{"href":"https:\/\/eetasoft.ee\/eeva\/wp-json\/wp\/v2\/media?parent=613"}],"curies":[{"name":"wp","href":"https:\/\/api.w.org\/{rel}","templated":true}]}}