{"id":596,"date":"2015-12-17T12:46:11","date_gmt":"2015-12-17T09:46:11","guid":{"rendered":"http:\/\/eetasoft.ee\/eeva\/?page_id=596"},"modified":"2020-08-08T12:17:02","modified_gmt":"2020-08-08T09:17:02","slug":"tahvel-ja-mobiil","status":"publish","type":"page","link":"https:\/\/eetasoft.ee\/eeva\/tahvel-ja-mobiil\/","title":{"rendered":"Eeva tahvel ja mobiil"},"content":{"rendered":"<div><\/div>\n<div>Eeva mobiil lubab programmi kasutada l\u00e4bi mobiilseadmete.<\/div>\n<div><a href=\"https:\/\/eetasoft.ee\/eeva\/wp-content\/uploads\/20191016_132216-e1596878169573.jpg\"><img loading=\"lazy\" decoding=\"async\" class=\"alignnone size-medium wp-image-715\" alt=\"Eeva mobiilsk\u00e4nner\" src=\"https:\/\/eetasoft.ee\/eeva\/wp-content\/uploads\/20191016_132216-e1596878169573-225x300.jpg\" width=\"225\" height=\"300\" srcset=\"https:\/\/eetasoft.ee\/eeva\/wp-content\/uploads\/20191016_132216-e1596878169573-225x300.jpg 225w, https:\/\/eetasoft.ee\/eeva\/wp-content\/uploads\/20191016_132216-e1596878169573-768x1024.jpg 768w, https:\/\/eetasoft.ee\/eeva\/wp-content\/uploads\/20191016_132216-e1596878169573.jpg 1000w\" sizes=\"auto, (max-width: 225px) 100vw, 225px\" \/><\/a><\/div>\n<div>Kasutada saab spetsiaalselt ribakoodilugejaga mobiilsk\u00e4nnerit ja kaasaegseid tahvleid ja nutitelefone.<\/div>\n<div>\n<figure id=\"attachment_600\" aria-describedby=\"caption-attachment-600\" style=\"width: 197px\" class=\"wp-caption alignnone\"><a href=\"https:\/\/eetasoft.ee\/eeva\/wp-content\/uploads\/eevamobiil.png\"><img loading=\"lazy\" decoding=\"async\" class=\"size-medium wp-image-600\" alt=\"Eeva mobiil\" src=\"https:\/\/eetasoft.ee\/eeva\/wp-content\/uploads\/eevamobiil-197x300.png\" width=\"197\" height=\"300\" srcset=\"https:\/\/eetasoft.ee\/eeva\/wp-content\/uploads\/eevamobiil-197x300.png 197w, https:\/\/eetasoft.ee\/eeva\/wp-content\/uploads\/eevamobiil.png 215w\" sizes=\"auto, (max-width: 197px) 100vw, 197px\" \/><\/a><figcaption id=\"caption-attachment-600\" class=\"wp-caption-text\">Eeva mobiil<\/figcaption><\/figure>\n<\/div>\n<div>Eeva mobiil kasutab \u00fchtset Eeva andmebaasi. Muutused ja laoseis on kohe n\u00e4ha k\u00f5ikjal.<\/div>\n<div><\/div>\n<div><\/div>\n<div>Mobiili eriosad:<\/div>\n<div><\/div>\n<div>\n<ul>\n<li><span style=\"color: #333333; font-family: inherit; font-size: inherit; font-style: inherit; font-variant: inherit; font-weight: inherit; line-height: inherit;\">\u00a0Komplekteerimine. Tellimuste komplekteerimine laos laoaadresside ja ribakoodide j\u00e4rgi. Laoseisu n\u00e4gemine, kohene muutmine.<\/span><\/li>\n<li><span style=\"color: #333333; font-family: inherit; font-size: inherit; font-style: inherit; font-variant: inherit; font-weight: inherit; line-height: inherit;\">Mobiilinventuur. Lao lugemine samaaegselt paljude seadmetega, erinevuse v\u00e4ljatoomine. Laoaadresside m\u00e4\u00e4ramine ja kontroll.<\/span><\/li>\n<li><span style=\"color: #333333; font-family: inherit; font-size: inherit; font-style: inherit; font-variant: inherit; font-weight: inherit; line-height: inherit;\">Mobiiltellimus. Tellimuse tegemine kliendi juures, koodide skaneerimine, laoseisu vaatlus, tellimuse kohene edastus lattu.<\/span><\/li>\n<li><span style=\"color: #333333; font-family: inherit; font-size: inherit; font-style: inherit; font-variant: inherit; font-weight: inherit; line-height: inherit;\">Mobiilostuarve. Ostutellimuse kontroll. Kauba vastuv\u00f5tt mobiilseadmega. Ostuarve\/tellimuse kontroll, laoaadressile paigutus.<\/span><\/li>\n<\/ul>\n<\/div>\n","protected":false},"excerpt":{"rendered":"<p>Eeva mobiil lubab programmi kasutada l\u00e4bi mobiilseadmete. Kasutada saab spetsiaalselt ribakoodilugejaga mobiilsk\u00e4nnerit ja kaasaegseid tahvleid ja nutitelefone. Eeva mobiil kasutab \u00fchtset Eeva andmebaasi. Muutused ja laoseis on kohe n\u00e4ha k\u00f5ikjal. Mobiili eriosad: \u00a0Komplekteerimine. Tellimuste komplekteerimine laos laoaadresside ja ribakoodide j\u00e4rgi. Laoseisu n\u00e4gemine, kohene muutmine. Mobiilinventuur. Lao lugemine samaaegselt paljude seadmetega, &#8230;<\/p>\n","protected":false},"author":1,"featured_media":0,"parent":0,"menu_order":0,"comment_status":"closed","ping_status":"open","template":"","meta":{"footnotes":""},"class_list":["post-596","page","type-page","status-publish","hentry","column","threecol"],"_links":{"self":[{"href":"https:\/\/eetasoft.ee\/eeva\/wp-json\/wp\/v2\/pages\/596","targetHints":{"allow":["GET"]}}],"collection":[{"href":"https:\/\/eetasoft.ee\/eeva\/wp-json\/wp\/v2\/pages"}],"about":[{"href":"https:\/\/eetasoft.ee\/eeva\/wp-json\/wp\/v2\/types\/page"}],"author":[{"embeddable":true,"href":"https:\/\/eetasoft.ee\/eeva\/wp-json\/wp\/v2\/users\/1"}],"replies":[{"embeddable":true,"href":"https:\/\/eetasoft.ee\/eeva\/wp-json\/wp\/v2\/comments?post=596"}],"version-history":[{"count":8,"href":"https:\/\/eetasoft.ee\/eeva\/wp-json\/wp\/v2\/pages\/596\/revisions"}],"predecessor-version":[{"id":721,"href":"https:\/\/eetasoft.ee\/eeva\/wp-json\/wp\/v2\/pages\/596\/revisions\/721"}],"wp:attachment":[{"href":"https:\/\/eetasoft.ee\/eeva\/wp-json\/wp\/v2\/media?parent=596"}],"curies":[{"name":"wp","href":"https:\/\/api.w.org\/{rel}","templated":true}]}}