{"id":577,"date":"2014-10-07T20:08:00","date_gmt":"2014-10-07T17:08:00","guid":{"rendered":"http:\/\/eetasoft.ee\/eeva\/?page_id=577"},"modified":"2015-12-27T17:33:21","modified_gmt":"2015-12-27T14:33:21","slug":"eeva-salong","status":"publish","type":"page","link":"https:\/\/eetasoft.ee\/eeva\/moodulid\/eeva-salong\/","title":{"rendered":"Eeva salong"},"content":{"rendered":"<p>Eeva salongi broneerimis- ja kassas\u00fcsteem on m\u00f5eldud kasutamiseks teeninduses: ilusalongid, solaariumid, spaad jm.<\/p>\n<p>Eeva salongi komponendid:<\/p>\n<ul>\n<li>Online broneeringud<\/li>\n<li>Kliendihaldus<\/li>\n<li>Turunduskampaaniad, masspostitused<\/li>\n<li>Paindlikud soodustused<\/li>\n<li>Happy hour<\/li>\n<li>Kliendi- ja konkekaardid<\/li>\n<li>SMS-ide saatmine<\/li>\n<li>Kiire m\u00fc\u00fcgi- ja kassas\u00fcsteem<\/li>\n<li>Happy hour<\/li>\n<li>P\u00f5hjalik m\u00fc\u00fcgi anal\u00fc\u00fcs ja aruandlus<\/li>\n<\/ul>\n<p>Eeva salong on t\u00e4ielikult \u00fchilduv Eeva Majandustarkvara teiste osadega. Andmed on k\u00e4ttesaadavad kohe.<\/p>\n<p>Eeva salongi erijooned:<\/p>\n<ol>\n<li>Paljude kasutajate ja m\u00fc\u00fcgikohtade v\u00f5imalus<\/li>\n<li>Kasutaja ja m\u00fc\u00fcgikoha p\u00f5hised piirangud<\/li>\n<li>Toetavad keeled: Eesti, Inglise, vene, soome, l\u00e4ti, leedu, saksa.<\/li>\n<li>T\u00f6\u00f6tajate t\u00f6\u00f6aja arvestus<\/li>\n<\/ol>\n<figure id=\"attachment_581\" aria-describedby=\"caption-attachment-581\" style=\"width: 300px\" class=\"wp-caption alignnone\"><a href=\"https:\/\/eetasoft.ee\/eeva\/wp-content\/uploads\/eevasalong.png\"><img loading=\"lazy\" decoding=\"async\" class=\"size-medium wp-image-581\" alt=\"Eeva salongi m\u00fc\u00fcgis\u00fcsteem\" src=\"https:\/\/eetasoft.ee\/eeva\/wp-content\/uploads\/eevasalong-300x185.png\" width=\"300\" height=\"185\" srcset=\"https:\/\/eetasoft.ee\/eeva\/wp-content\/uploads\/eevasalong-300x185.png 300w, https:\/\/eetasoft.ee\/eeva\/wp-content\/uploads\/eevasalong-1024x634.png 1024w, https:\/\/eetasoft.ee\/eeva\/wp-content\/uploads\/eevasalong-332x205.png 332w, https:\/\/eetasoft.ee\/eeva\/wp-content\/uploads\/eevasalong-268x164.png 268w, https:\/\/eetasoft.ee\/eeva\/wp-content\/uploads\/eevasalong-700x433.png 700w, https:\/\/eetasoft.ee\/eeva\/wp-content\/uploads\/eevasalong.png 1025w\" sizes=\"auto, (max-width: 300px) 100vw, 300px\" \/><\/a><figcaption id=\"caption-attachment-581\" class=\"wp-caption-text\">Eeva salongi m\u00fc\u00fcgis\u00fcsteem<\/figcaption><\/figure>\n<p>K\u00f5iki aruandeid saab eksportida tabelarvutusse ja pdfi<\/p>\n<p>Eeva salongi ladu\/tootmine:<\/p>\n<ul>\n<li>Ostutellimuste automaatne tegemine miinimumkoguse ja m\u00fc\u00fcgi j\u00e4rgi<\/li>\n<li>Komplektide m\u00fc\u00fck, automaatne laost mahav\u00f5tmine retsepti j\u00e4rgi<\/li>\n<li>Inventuurid<\/li>\n<li>Ribakoodilugeja tugi<\/li>\n<\/ul>\n<p>Eeva salongi kassa:<\/p>\n<ol>\n<li>Kasutajate kiire vahetus. M\u00fc\u00fcgi ja t\u00f6\u00f6aja registreerimine kasutaja ja kassap\u00f5hiselt.<\/li>\n<li>Kassa sulgemine ja inventuur<\/li>\n<li>Eraldi sularaha ja kaardimaksed<\/li>\n<\/ol>\n","protected":false},"excerpt":{"rendered":"<p>Eeva salongi broneerimis- ja kassas\u00fcsteem on m\u00f5eldud kasutamiseks teeninduses: ilusalongid, solaariumid, spaad jm. Eeva salongi komponendid: Online broneeringud Kliendihaldus Turunduskampaaniad, masspostitused Paindlikud soodustused Happy hour Kliendi- ja konkekaardid SMS-ide saatmine Kiire m\u00fc\u00fcgi- ja kassas\u00fcsteem Happy hour P\u00f5hjalik m\u00fc\u00fcgi anal\u00fc\u00fcs ja aruandlus Eeva salong on t\u00e4ielikult \u00fchilduv Eeva Majandustarkvara teiste osadega. &#8230;<\/p>\n","protected":false},"author":1,"featured_media":0,"parent":248,"menu_order":0,"comment_status":"closed","ping_status":"open","template":"","meta":{"footnotes":""},"class_list":["post-577","page","type-page","status-publish","hentry","column","threecol"],"_links":{"self":[{"href":"https:\/\/eetasoft.ee\/eeva\/wp-json\/wp\/v2\/pages\/577","targetHints":{"allow":["GET"]}}],"collection":[{"href":"https:\/\/eetasoft.ee\/eeva\/wp-json\/wp\/v2\/pages"}],"about":[{"href":"https:\/\/eetasoft.ee\/eeva\/wp-json\/wp\/v2\/types\/page"}],"author":[{"embeddable":true,"href":"https:\/\/eetasoft.ee\/eeva\/wp-json\/wp\/v2\/users\/1"}],"replies":[{"embeddable":true,"href":"https:\/\/eetasoft.ee\/eeva\/wp-json\/wp\/v2\/comments?post=577"}],"version-history":[{"count":4,"href":"https:\/\/eetasoft.ee\/eeva\/wp-json\/wp\/v2\/pages\/577\/revisions"}],"predecessor-version":[{"id":603,"href":"https:\/\/eetasoft.ee\/eeva\/wp-json\/wp\/v2\/pages\/577\/revisions\/603"}],"up":[{"embeddable":true,"href":"https:\/\/eetasoft.ee\/eeva\/wp-json\/wp\/v2\/pages\/248"}],"wp:attachment":[{"href":"https:\/\/eetasoft.ee\/eeva\/wp-json\/wp\/v2\/media?parent=577"}],"curies":[{"name":"wp","href":"https:\/\/api.w.org\/{rel}","templated":true}]}}