{"id":416,"date":"2013-07-31T13:55:06","date_gmt":"2013-07-31T10:55:06","guid":{"rendered":"http:\/\/eetasoft.ee\/eeva\/?page_id=416"},"modified":"2018-12-16T23:59:51","modified_gmt":"2018-12-16T20:59:51","slug":"tootmine","status":"publish","type":"page","link":"https:\/\/eetasoft.ee\/eeva\/moodulid\/tootmine\/","title":{"rendered":"Tootmine"},"content":{"rendered":"<p>Tootmise arvestuseks on &#8220;Eeva&#8221; majandustarkvaras s\u00fcsteem &#8220;Tootmine&#8221;.<\/p>\n<p>Tootmise moodul t\u00f6\u00f6tab koos Eeva laoga. Eeva toetab nii koonduvat (paljudest asjadest tehakse \u00fcks) kui ka hargnevat (\u00fchest asjast tehakse mitu) tootmist.<\/p>\n<p>Tootmistellimuste seis on n\u00e4ha \u00fclevaatlikul diagrammil. Erinevad t\u00f6\u00f6etapid on erinevate v\u00e4rvidega.<\/p>\n<p><a href=\"https:\/\/eetasoft.ee\/eeva\/wp-content\/uploads\/tt.png\"><img loading=\"lazy\" decoding=\"async\" class=\"alignnone size-full wp-image-701\" alt=\"Tellimuse t\u00e4itmine\" src=\"https:\/\/eetasoft.ee\/eeva\/wp-content\/uploads\/tt.png\" width=\"647\" height=\"211\" srcset=\"https:\/\/eetasoft.ee\/eeva\/wp-content\/uploads\/tt.png 647w, https:\/\/eetasoft.ee\/eeva\/wp-content\/uploads\/tt-300x97.png 300w\" sizes=\"auto, (max-width: 647px) 100vw, 647px\" \/><\/a><\/p>\n<p>Eeva tootmise planeerimine lubab optimiseerida ressurssside kasutamist. T\u00f6\u00f6keskuste koormatuse aruanne v\u00f5imaldab leida tootmise &#8220;pudelikaelu&#8221;.<\/p>\n<p><a href=\"https:\/\/eetasoft.ee\/eeva\/wp-content\/uploads\/took.png\"><img loading=\"lazy\" decoding=\"async\" alt=\"took\" src=\"https:\/\/eetasoft.ee\/eeva\/wp-content\/uploads\/took.png\" width=\"712\" height=\"299\" \/><\/a><\/p>\n<p>Tootmise ja laos\u00fcsteemi v\u00f5imalused:<\/p>\n<ul>\n<ul>\n<li>Kalkulatsioonide sisestamine. Mitmetasemelised kalkulatsioonid: kalkulatsioonis v\u00f5ivad olla omakorda pooltooted jne.<\/li>\n<li>Toodete tellimuste sisestamine<\/li>\n<li>Materjali vajaduse leidmine<\/li>\n<li>Perioodi toodangu registreerimine<\/li>\n<li>Tootmise otsekulude sisestamine<\/li>\n<li>Kaudkulude jaotus tootele t\u00fckipalga vm. kriteeriumi j\u00e4rgi<\/li>\n<li>Toote\u00fchiku omahinna aruanded<\/li>\n<li>Komplektide arvestus. Mitmetasemelised komplektid.<\/li>\n<li>Partiide arvestus<\/li>\n<li>L\u00f5petamata toodangu arvestus.<\/li>\n<li>Tellimustest t\u00f6\u00f6plaani ja toodangu moodustamine<\/li>\n<\/ul>\n<\/ul>\n<p>Eeva tootmisest on olemas lahendused erinevate t\u00f6\u00f6stusharude jaoks:<\/p>\n<ul>\n<li>\u00d5mblust\u00f6\u00f6stus. Normid, t\u00fckipalga arvestus<\/li>\n<li>Puidut\u00f6\u00f6stus. Pakid, partiid, puidu v\u00e4ljatulek<\/li>\n<\/ul>\n","protected":false},"excerpt":{"rendered":"<p>Tootmise arvestuseks on &#8220;Eeva&#8221; majandustarkvaras s\u00fcsteem &#8220;Tootmine&#8221;. Tootmise moodul t\u00f6\u00f6tab koos Eeva laoga. Eeva toetab nii koonduvat (paljudest asjadest tehakse \u00fcks) kui ka hargnevat (\u00fchest asjast tehakse mitu) tootmist. Tootmistellimuste seis on n\u00e4ha \u00fclevaatlikul diagrammil. Erinevad t\u00f6\u00f6etapid on erinevate v\u00e4rvidega. Eeva tootmise planeerimine lubab optimiseerida ressurssside kasutamist. T\u00f6\u00f6keskuste koormatuse aruanne &#8230;<\/p>\n","protected":false},"author":1,"featured_media":418,"parent":248,"menu_order":0,"comment_status":"closed","ping_status":"open","template":"","meta":{"footnotes":""},"class_list":["post-416","page","type-page","status-publish","has-post-thumbnail","hentry","column","threecol","has-thumbnail"],"_links":{"self":[{"href":"https:\/\/eetasoft.ee\/eeva\/wp-json\/wp\/v2\/pages\/416","targetHints":{"allow":["GET"]}}],"collection":[{"href":"https:\/\/eetasoft.ee\/eeva\/wp-json\/wp\/v2\/pages"}],"about":[{"href":"https:\/\/eetasoft.ee\/eeva\/wp-json\/wp\/v2\/types\/page"}],"author":[{"embeddable":true,"href":"https:\/\/eetasoft.ee\/eeva\/wp-json\/wp\/v2\/users\/1"}],"replies":[{"embeddable":true,"href":"https:\/\/eetasoft.ee\/eeva\/wp-json\/wp\/v2\/comments?post=416"}],"version-history":[{"count":11,"href":"https:\/\/eetasoft.ee\/eeva\/wp-json\/wp\/v2\/pages\/416\/revisions"}],"predecessor-version":[{"id":708,"href":"https:\/\/eetasoft.ee\/eeva\/wp-json\/wp\/v2\/pages\/416\/revisions\/708"}],"up":[{"embeddable":true,"href":"https:\/\/eetasoft.ee\/eeva\/wp-json\/wp\/v2\/pages\/248"}],"wp:featuredmedia":[{"embeddable":true,"href":"https:\/\/eetasoft.ee\/eeva\/wp-json\/wp\/v2\/media\/418"}],"wp:attachment":[{"href":"https:\/\/eetasoft.ee\/eeva\/wp-json\/wp\/v2\/media?parent=416"}],"curies":[{"name":"wp","href":"https:\/\/api.w.org\/{rel}","templated":true}]}}