{"id":345,"date":"2013-07-30T21:48:11","date_gmt":"2013-07-30T18:48:11","guid":{"rendered":"http:\/\/eetasoft.ee\/eeva\/?page_id=345"},"modified":"2013-07-31T09:21:53","modified_gmt":"2013-07-31T06:21:53","slug":"e-raamatupidamine","status":"publish","type":"page","link":"https:\/\/eetasoft.ee\/eeva\/e-raamatupidamine\/","title":{"rendered":"E-raamatupidamine"},"content":{"rendered":"<p><a href=\"https:\/\/eetasoft.ee\/eeva\/wp-content\/uploads\/2013\/07\/cropped-coins1.jpg\"><img loading=\"lazy\" decoding=\"async\" class=\"alignnone size-full wp-image-156\" alt=\"cropped-coins1.jpg\" src=\"https:\/\/eetasoft.ee\/eeva\/wp-content\/uploads\/2013\/07\/cropped-coins1.jpg\" width=\"150\" height=\"150\" \/><\/a><\/p>\n<p>Eeva kasutamine E-raamatupidamise tegemiseks.<\/p>\n<p>E-raamatupidamine Eevaga annab v\u00f5imaluse mugavaks ja kiireks t\u00f6\u00f6ks. Andmed on k\u00e4ttesaadavad kohe. Eeva \u00f5iguste s\u00fcsteem lubab andmete juurdep\u00e4\u00e4su t\u00e4pselt m\u00e4\u00e4rata, millele, kellel ja mis viisil on juurdep\u00e4\u00e4s.<\/p>\n<p>E-raamatupidamise erisused:<\/p>\n<ul>\n<li>Andmed on ligip\u00e4\u00e4setavad \u00fcle interneti<\/li>\n<li>Andmed paiknevad turvalises serveris<\/li>\n<li>Ettev\u00f5tte t\u00f6\u00f6tajad saavad ka ise andmetele juurde<\/li>\n<li>Ettev\u00f5te saab ka ise arveid jm. dokumente sisestada<\/li>\n<li>Aruanded ja info on koheselt k\u00e4ttesaadav<\/li>\n<\/ul>\n<p>&nbsp;<\/p>\n<p>E-raamatupidamise andmeid v\u00f5ib hoida Eetasofti serverimajutuses. Eeva e-raamatupidamise serverimajutust iseloomustab:<\/p>\n<ul>\n<li>Programmi kasutamisv\u00f5imalus<\/li>\n<li>Ettev\u00f5tte igap\u00e4evane tugi<\/li>\n<li>Tarkvara automaatsed uuendused<\/li>\n<li>Seadusemuudatuste sisseviimine<\/li>\n<li>T\u00f6\u00f6protsesside j\u00e4lgimine ja tugi<\/li>\n<li>Ettev\u00f5ttep\u00f5histe muutuste v\u00f5imalus<\/li>\n<\/ul>\n<p>&nbsp;<\/p>\n","protected":false},"excerpt":{"rendered":"<p>Eeva kasutamine E-raamatupidamise tegemiseks. E-raamatupidamine Eevaga annab v\u00f5imaluse mugavaks ja kiireks t\u00f6\u00f6ks. Andmed on k\u00e4ttesaadavad kohe. Eeva \u00f5iguste s\u00fcsteem lubab andmete juurdep\u00e4\u00e4su t\u00e4pselt m\u00e4\u00e4rata, millele, kellel ja mis viisil on juurdep\u00e4\u00e4s. E-raamatupidamise erisused: Andmed on ligip\u00e4\u00e4setavad \u00fcle interneti Andmed paiknevad turvalises serveris Ettev\u00f5tte t\u00f6\u00f6tajad saavad ka ise andmetele juurde Ettev\u00f5te &#8230;<\/p>\n","protected":false},"author":1,"featured_media":214,"parent":0,"menu_order":0,"comment_status":"closed","ping_status":"open","template":"","meta":{"footnotes":""},"class_list":["post-345","page","type-page","status-publish","has-post-thumbnail","hentry","column","threecol","has-thumbnail"],"_links":{"self":[{"href":"https:\/\/eetasoft.ee\/eeva\/wp-json\/wp\/v2\/pages\/345","targetHints":{"allow":["GET"]}}],"collection":[{"href":"https:\/\/eetasoft.ee\/eeva\/wp-json\/wp\/v2\/pages"}],"about":[{"href":"https:\/\/eetasoft.ee\/eeva\/wp-json\/wp\/v2\/types\/page"}],"author":[{"embeddable":true,"href":"https:\/\/eetasoft.ee\/eeva\/wp-json\/wp\/v2\/users\/1"}],"replies":[{"embeddable":true,"href":"https:\/\/eetasoft.ee\/eeva\/wp-json\/wp\/v2\/comments?post=345"}],"version-history":[{"count":7,"href":"https:\/\/eetasoft.ee\/eeva\/wp-json\/wp\/v2\/pages\/345\/revisions"}],"predecessor-version":[{"id":604,"href":"https:\/\/eetasoft.ee\/eeva\/wp-json\/wp\/v2\/pages\/345\/revisions\/604"}],"wp:featuredmedia":[{"embeddable":true,"href":"https:\/\/eetasoft.ee\/eeva\/wp-json\/wp\/v2\/media\/214"}],"wp:attachment":[{"href":"https:\/\/eetasoft.ee\/eeva\/wp-json\/wp\/v2\/media?parent=345"}],"curies":[{"name":"wp","href":"https:\/\/api.w.org\/{rel}","templated":true}]}}