{"id":337,"date":"2013-07-26T23:10:34","date_gmt":"2013-07-26T20:10:34","guid":{"rendered":"http:\/\/eetasoft.ee\/eeva\/?page_id=337"},"modified":"2013-07-31T12:00:49","modified_gmt":"2013-07-31T09:00:49","slug":"personal","status":"publish","type":"page","link":"https:\/\/eetasoft.ee\/eeva\/moodulid\/personal\/","title":{"rendered":"Personal"},"content":{"rendered":"<p>Eeva personaliarvestuse eesm\u00e4rk on vabastada personalit\u00f6\u00f6taja rutiinsest t\u00f6\u00f6st, korrastada asutuse personaliandmed\u3000 ning v\u00f5imaldada enam tegeleda t\u00f6\u00f6tajate valiku ja arendamisega. Eeva t\u00e4idab personalit\u00f6\u00f6d puudutavatest seadustest tulenevad n\u00f5udmised.<\/p>\n<p>Kasutajal on v\u00f5imalus t\u00f6\u00f6tada korraga mitme ekraani vormiga. Hulk rippmen\u00fc\u00fcsid, abimen\u00fc\u00fcsid ja k\u00e4sunuppe muudavad t\u00f6\u00f6 tarkvaraga sujuvaks.<\/p>\n<p>Kasutajaliides ja tema funktsioonid l\u00e4htuvad personalit\u00f6\u00f6taja vajadustest ja on tehtud v\u00f5imalikult mugavaks, s\u00e4ilitades seejuures korrektsuse.<strong>\u3000<\/strong><\/p>\n<p>Eeva kasutab ka ISCO ametite klassifikaatorit, mis kergendab erinevate statistikaaruannete koostamist.<\/p>\n<p><strong>Andmete sisestamine<\/strong><\/p>\n<p>Andmete sisestamine on tehtud v\u00f5imalikult lihtsaks. N\u00e4iteks t\u00f6\u00f6taja isikukoodi sisestamise j\u00e4rel t\u00e4idab tarkvara automaatselt\u3000 inimese soo ja s\u00fcnniaja v\u00e4ljad.<\/p>\n<p>Tarkvaras on v\u00f5imalik korraga mitmele inimesele puhkuse vormistamine, kasutades k\u00e4skkirja all olevaid masstoiminguid.<\/p>\n<p><strong>Dokumentide koostamine<\/strong><\/p>\n<p>Kergendab kasutajatel lepingute ja k\u00e4skkirjade koostamist. Lepingu mallile kanda kannab Eeva automaatselt \u00fcle erinevaid andmeid (n\u00e4iteks t\u00f6\u00f6taja nimi, p\u00f5hipalk, amet, koormus jne.). Igale t\u00f6\u00f6tajale salvestatakse tema dokumendid Personalidokumendi tabelisse. Selline lahendus hoiab oluliselt kokku personalit\u00f6\u00f6taja aega ja teisest k\u00fcljest v\u00f5imaldab s\u00e4ilitada kogu dokumentatsiooni elektroonselt.<\/p>\n<p>Lisaks aruannetele saab tarkvara koostada erinevaid t\u00fc\u00fcpi dokumente (isikukaart jm.)<\/p>\n<p><strong>Meditsiinimoodul<\/strong><\/p>\n<p>Saab registreerida t\u00f6\u00f6taja haigused, kaebused ja t\u00f6\u00f6tajale tehtud protseduurid. Samuti on v\u00f5imalik kirjeldada ohutegurid, mis kaasnevad ametiga. Sisestatud andmete p\u00f5hjal on kergem leida haiguste tekkep\u00f5hjuseid ning teha vajalikke otsuseid. Samuti on n\u00e4ha, kes on k\u00e4inud tervisekontrollis ja kes mitte ning selle alusel kasv\u00f5i kulusid planeerida.<\/p>\n<p><strong>\u00d5igustes\u00fcsteem <\/strong><\/p>\n<p>Eeva personalitarkvara saab kasutada meeskonna t\u00f6\u00f6vahendina. N\u00e4iteks on personalijuhil olla v\u00f5imalik delegeerida osa tarkvaraga t\u00f6\u00f6st sekret\u00e4rile jne, samas piirates tal juurdep\u00e4\u00e4su tundlikele (palga, pere, jne) andmetele. Samuti v\u00f5ib personalijuht anda n\u00e4iteks firma v\u00f5tmeisikutele Eevas olevate andmete vaatamise \u00f5igused, kuid muuta nad andmeid ei saa.<\/p>\n<p><strong>Seos raamatupidamisega<\/strong><\/p>\n<p>Eevasse sisestatud t\u00f6\u00f6tajate isiku-, palga-, struktuuri\u00fcksuse ja ameti andmed kajastuvad automaatselt palgaarvestuse tarkvaras, hoides nii aega kokku p\u00fcsiandmete sisestamisel. Ka personaliprogrammi sisestatud puhkused ja haiguslehed (kaasa arvatud puhkuste reservi arvestus) kanduvad \u00fcle palgaarvestusse. T\u00f6\u00f6 maht v\u00e4heneb. Palgas\u00fcsteemi \u00fclesehitamisel on rangelt Eesti Vabariigis kehtivat seadusandlust. K\u00f5ik isikute t\u00f6\u00f6suhte ja palgaandmete muudatused s\u00e4ilitatakse.<\/p>\n<p><strong>M\u00f5ned m\u00e4rks\u00f5nad<\/strong><\/p>\n<ul>\n<li>\u00a0asutuse struktuur koos ametite, t\u00f6\u00f6tajate ning vakantsiga<\/li>\n<li>ametite klassifikaator<\/li>\n<li>v\u00f5imaldab koostada t\u00f6\u00f6tajate isikukaarte<\/li>\n<li>t\u00e4ielik \u00fclevaade t\u00f6\u00f6taja planeeritud ja tegelike puhkuste kohta<\/li>\n<li>side kasutaja poolt kujundatud t\u00f6\u00f6lepingutega jm. dokumentidega<\/li>\n<li>t\u00f6\u00f6tajate koolituse arvestus<\/li>\n<li>vabade p\u00e4ringute koostamine ja nende eksport tabelarvutusse<\/li>\n<li>s\u00e4ilitab arhiivis k\u00f5ik isikuandmed peale t\u00f6\u00f6taja lahkumist firmast ning v\u00f5imaldab sama t\u00f6\u00f6taja lihtsalt ennistada tagasi t\u00f6\u00f6le<\/li>\n<li>t\u00e4ielik \u00f5iguste s\u00fcsteem<\/li>\n<li>liides palgaarvestustarkvaraga<\/li>\n<\/ul>\n<p><strong>Personaliarvestuse v\u00f5imalused:<\/strong><\/p>\n<ul>\n<li>T\u00f6\u00f6lepingud, t\u00f6\u00f6lepingu lisad, koolituslepingud, ametijuhendid jm. dokumendid<\/li>\n<li>Lepingu automaatne koostamine makettide j\u00e4rgi, erimuutused<\/li>\n<li>Personalidokumentide tr\u00fckk makettide j\u00e4rgi<\/li>\n<li>Dokumentide arhiveerimine PDF formaadis<\/li>\n<li>Puhkusp\u00e4evade arvestus<\/li>\n<li>T\u00f6\u00f6tajate isikukaardid<\/li>\n<li>Palga, puhkuse, \u00fchekordsed ja muud k\u00e4skkirjad.<\/li>\n<li>Isikuandmete ja perekonnaliikmete nimekirjad.<\/li>\n<li>Saadaolevate puhkuste nimekiri.<\/li>\n<li>Haigusp\u00e4evade aruanded.<\/li>\n<\/ul>\n","protected":false},"excerpt":{"rendered":"<p>Eeva personaliarvestuse eesm\u00e4rk on vabastada personalit\u00f6\u00f6taja rutiinsest t\u00f6\u00f6st, korrastada asutuse personaliandmed\u3000 ning v\u00f5imaldada enam tegeleda t\u00f6\u00f6tajate valiku ja arendamisega. Eeva t\u00e4idab personalit\u00f6\u00f6d puudutavatest seadustest tulenevad n\u00f5udmised. Kasutajal on v\u00f5imalus t\u00f6\u00f6tada korraga mitme ekraani vormiga. Hulk rippmen\u00fc\u00fcsid, abimen\u00fc\u00fcsid ja k\u00e4sunuppe muudavad t\u00f6\u00f6 tarkvaraga sujuvaks. Kasutajaliides ja tema funktsioonid l\u00e4htuvad personalit\u00f6\u00f6taja vajadustest &#8230;<\/p>\n","protected":false},"author":1,"featured_media":0,"parent":248,"menu_order":0,"comment_status":"closed","ping_status":"open","template":"","meta":{"footnotes":""},"class_list":["post-337","page","type-page","status-publish","hentry","column","threecol"],"_links":{"self":[{"href":"https:\/\/eetasoft.ee\/eeva\/wp-json\/wp\/v2\/pages\/337","targetHints":{"allow":["GET"]}}],"collection":[{"href":"https:\/\/eetasoft.ee\/eeva\/wp-json\/wp\/v2\/pages"}],"about":[{"href":"https:\/\/eetasoft.ee\/eeva\/wp-json\/wp\/v2\/types\/page"}],"author":[{"embeddable":true,"href":"https:\/\/eetasoft.ee\/eeva\/wp-json\/wp\/v2\/users\/1"}],"replies":[{"embeddable":true,"href":"https:\/\/eetasoft.ee\/eeva\/wp-json\/wp\/v2\/comments?post=337"}],"version-history":[{"count":5,"href":"https:\/\/eetasoft.ee\/eeva\/wp-json\/wp\/v2\/pages\/337\/revisions"}],"predecessor-version":[{"id":389,"href":"https:\/\/eetasoft.ee\/eeva\/wp-json\/wp\/v2\/pages\/337\/revisions\/389"}],"up":[{"embeddable":true,"href":"https:\/\/eetasoft.ee\/eeva\/wp-json\/wp\/v2\/pages\/248"}],"wp:attachment":[{"href":"https:\/\/eetasoft.ee\/eeva\/wp-json\/wp\/v2\/media?parent=337"}],"curies":[{"name":"wp","href":"https:\/\/api.w.org\/{rel}","templated":true}]}}