{"id":302,"date":"2013-07-09T16:15:41","date_gmt":"2013-07-09T13:15:41","guid":{"rendered":"http:\/\/eetasoft.ee\/eeva\/?page_id=302"},"modified":"2013-07-31T13:46:13","modified_gmt":"2013-07-31T10:46:13","slug":"pohivara","status":"publish","type":"page","link":"https:\/\/eetasoft.ee\/eeva\/moodulid\/pohivara\/","title":{"rendered":"P\u00f5hivara, v\u00e4ikevahendid"},"content":{"rendered":"<p>P\u00f5hi- ja v\u00e4ikevara arvestust saab programmis pidada artiklite, osakondade ja kasutajate kaupa.<\/p>\n<p><strong>Artikkel<\/strong><\/p>\n<p>Artikkel on vara inventarinumber vm. iseloomulik t\u00e4his. M\u00e4\u00e4ratakse Nimekiri\/P\u00f5hivara ja Nimekiri\/V\u00e4ikevahendid tabelites.<\/p>\n<p><strong>Objekt<\/strong><\/p>\n<p>Osakond (objekt), kus on vahend arvel. P\u00f5hivara on alati mingi objekti arvel. Objekt m\u00e4\u00e4ratakse Klassifikaator\/Objekt tabelis.<\/p>\n<p align=\"JUSTIFY\">Vahendi liikumisel objekti ja subjekti vahel s\u00e4ilitab programm kogu vahendi ajaloo. N\u00e4ha on, mis ajal ka kus vahend on arvel olnud.<\/p>\n<p align=\"JUSTIFY\">V\u00f5imalused:<\/p>\n<ul>\n<li>\n<div align=\"JUSTIFY\">Sissetulek, v\u00e4ljastus, sisek\u00e4ive, kuluks kandmine<\/div>\n<\/li>\n<li>Vara v\u00f5ib liigutada ka dokumentide osas arve ja ostuarvega<\/li>\n<li>P\u00f5hivara amordi arvutus, amordi piir, millest edasi ei arvutata<\/li>\n<li>Inventuur<\/li>\n<li>Amordi andmik<\/li>\n<li>P\u00f5hivahendi kaart<\/li>\n<li>P\u00f5hivahendi nimekiri<\/li>\n<li>Inventariseerimisnimestik<\/li>\n<li>Piltide lisamise v\u00f5imalus<\/li>\n<\/ul>\n","protected":false},"excerpt":{"rendered":"<p>P\u00f5hi- ja v\u00e4ikevara arvestust saab programmis pidada artiklite, osakondade ja kasutajate kaupa. Artikkel Artikkel on vara inventarinumber vm. iseloomulik t\u00e4his. M\u00e4\u00e4ratakse Nimekiri\/P\u00f5hivara ja Nimekiri\/V\u00e4ikevahendid tabelites. Objekt Osakond (objekt), kus on vahend arvel. P\u00f5hivara on alati mingi objekti arvel. Objekt m\u00e4\u00e4ratakse Klassifikaator\/Objekt tabelis. Vahendi liikumisel objekti ja subjekti vahel s\u00e4ilitab programm &#8230;<\/p>\n","protected":false},"author":1,"featured_media":0,"parent":248,"menu_order":0,"comment_status":"closed","ping_status":"open","template":"","meta":{"footnotes":""},"class_list":["post-302","page","type-page","status-publish","hentry","column","threecol"],"_links":{"self":[{"href":"https:\/\/eetasoft.ee\/eeva\/wp-json\/wp\/v2\/pages\/302","targetHints":{"allow":["GET"]}}],"collection":[{"href":"https:\/\/eetasoft.ee\/eeva\/wp-json\/wp\/v2\/pages"}],"about":[{"href":"https:\/\/eetasoft.ee\/eeva\/wp-json\/wp\/v2\/types\/page"}],"author":[{"embeddable":true,"href":"https:\/\/eetasoft.ee\/eeva\/wp-json\/wp\/v2\/users\/1"}],"replies":[{"embeddable":true,"href":"https:\/\/eetasoft.ee\/eeva\/wp-json\/wp\/v2\/comments?post=302"}],"version-history":[{"count":6,"href":"https:\/\/eetasoft.ee\/eeva\/wp-json\/wp\/v2\/pages\/302\/revisions"}],"predecessor-version":[{"id":335,"href":"https:\/\/eetasoft.ee\/eeva\/wp-json\/wp\/v2\/pages\/302\/revisions\/335"}],"up":[{"embeddable":true,"href":"https:\/\/eetasoft.ee\/eeva\/wp-json\/wp\/v2\/pages\/248"}],"wp:attachment":[{"href":"https:\/\/eetasoft.ee\/eeva\/wp-json\/wp\/v2\/media?parent=302"}],"curies":[{"name":"wp","href":"https:\/\/api.w.org\/{rel}","templated":true}]}}