{"id":301,"date":"2013-07-09T16:15:09","date_gmt":"2013-07-09T13:15:09","guid":{"rendered":"http:\/\/eetasoft.ee\/eeva\/?page_id=301"},"modified":"2013-07-31T11:57:36","modified_gmt":"2013-07-31T08:57:36","slug":"ladujateenused","status":"publish","type":"page","link":"https:\/\/eetasoft.ee\/eeva\/moodulid\/ladujateenused\/","title":{"rendered":"Ladu ja teenused"},"content":{"rendered":"<p>\u201cEeva\u201d majandustarkvara lao ja teenuste arvestus on m\u00f5eldud artiklite arvestuse pidamiseks.<\/p>\n<p>Laos on artiklid objekti arvel. Objektid kirjeldatakse ribamen\u00fc\u00fcs \u201cNimekiri\/Objekt\u201d tabelis.<\/p>\n<p>Laoarvestust saab pidada objekti, artikli ja partii kaupa.<\/p>\n<p>Laoarvestus j\u00e4lgib koguse, lao summa ja kulumi saldosid.<\/p>\n<p>Teenuste arvestuses saab j\u00e4lgida teenuste m\u00fc\u00fcki ja ostu ning teha p\u00f5hjalikku anal\u00fc\u00fcsi.<\/p>\n<p>Laoarvestus:<\/p>\n<ul>\n<li>Saateleht, vastuv\u00f5tuakt<\/li>\n<li>Kuluks kandmine<\/li>\n<li>M\u00fc\u00fcgi- ja ostutellimused<\/li>\n<li>Kaupluste, ladude omavahelised k\u00e4ibed. Erinevad m\u00fc\u00fcgihinnad.<\/li>\n<li>Pakkumised<\/li>\n<\/ul>\n<p>Laoarvestuse v\u00f5imalused:<\/p>\n<ul>\n<li>Toodete haldamine<\/li>\n<li>Ostutellimuse koostamine tellimuste, minimaalse koguse ja\/v\u00f5i m\u00fc\u00fcgi j\u00e4rgi<\/li>\n<li>Kliendi ja hankija andmete haldamine<\/li>\n<li>Kantava ribakoodilugeja kasutamine<\/li>\n<li>Laoaadresside haldus<\/li>\n<li>Varude planeerimine ja j\u00e4lgimine<\/li>\n<li>Ostutellimuste k\u00e4sitlemine<\/li>\n<li>Kaupade vastuv\u00f5tt<\/li>\n<li>Kliendi tellimuste komplekteerimine<\/li>\n<li>Elektroonsed arved<\/li>\n<li>V\u00e4ljastuse moodul<\/li>\n<li>Inventuuri moodul<\/li>\n<li>Kaubav\u00e4ljastus<\/li>\n<li>Transpordi ringide planeerimine<\/li>\n<li>Tagastuste k\u00e4sitlemine<\/li>\n<li>Kliendireklamatsioonide k\u00e4sitlemine<\/li>\n<li>Aruandlus ja raportid<\/li>\n<\/ul>\n<p>Lao anal\u00fc\u00fcs sisaldab poolsada aruannet ja diagrammi, muuhulgas:<\/p>\n<ul>\n<li>Lao k\u00e4ibekiiruse anal\u00fc\u00fcs<\/li>\n<li>Lao efektiivsuse anal\u00fc\u00fcs<\/li>\n<li>Enim ostnud kliendid, enim m\u00fc\u00fcdud kaubad, tulutoovaimad kaubad<\/li>\n<li>M\u00fc\u00fcgik\u00e4ive ja kasum kuude l\u00f5ikes<\/li>\n<li>M\u00fc\u00fcgi v\u00f5rdlus<\/li>\n<li>M\u00fc\u00fcgi pingeread<\/li>\n<li>Ostutellimuste koostamine<\/li>\n<\/ul>\n","protected":false},"excerpt":{"rendered":"<p>\u201cEeva\u201d majandustarkvara lao ja teenuste arvestus on m\u00f5eldud artiklite arvestuse pidamiseks. Laos on artiklid objekti arvel. Objektid kirjeldatakse ribamen\u00fc\u00fcs \u201cNimekiri\/Objekt\u201d tabelis. Laoarvestust saab pidada objekti, artikli ja partii kaupa. Laoarvestus j\u00e4lgib koguse, lao summa ja kulumi saldosid. Teenuste arvestuses saab j\u00e4lgida teenuste m\u00fc\u00fcki ja ostu ning teha p\u00f5hjalikku anal\u00fc\u00fcsi. Laoarvestus: &#8230;<\/p>\n","protected":false},"author":1,"featured_media":0,"parent":248,"menu_order":0,"comment_status":"closed","ping_status":"open","template":"","meta":{"footnotes":""},"class_list":["post-301","page","type-page","status-publish","hentry","column","threecol"],"_links":{"self":[{"href":"https:\/\/eetasoft.ee\/eeva\/wp-json\/wp\/v2\/pages\/301","targetHints":{"allow":["GET"]}}],"collection":[{"href":"https:\/\/eetasoft.ee\/eeva\/wp-json\/wp\/v2\/pages"}],"about":[{"href":"https:\/\/eetasoft.ee\/eeva\/wp-json\/wp\/v2\/types\/page"}],"author":[{"embeddable":true,"href":"https:\/\/eetasoft.ee\/eeva\/wp-json\/wp\/v2\/users\/1"}],"replies":[{"embeddable":true,"href":"https:\/\/eetasoft.ee\/eeva\/wp-json\/wp\/v2\/comments?post=301"}],"version-history":[{"count":3,"href":"https:\/\/eetasoft.ee\/eeva\/wp-json\/wp\/v2\/pages\/301\/revisions"}],"predecessor-version":[{"id":384,"href":"https:\/\/eetasoft.ee\/eeva\/wp-json\/wp\/v2\/pages\/301\/revisions\/384"}],"up":[{"embeddable":true,"href":"https:\/\/eetasoft.ee\/eeva\/wp-json\/wp\/v2\/pages\/248"}],"wp:attachment":[{"href":"https:\/\/eetasoft.ee\/eeva\/wp-json\/wp\/v2\/media?parent=301"}],"curies":[{"name":"wp","href":"https:\/\/api.w.org\/{rel}","templated":true}]}}