{"id":30,"date":"2013-04-04T19:23:33","date_gmt":"2013-04-04T19:23:33","guid":{"rendered":"http:\/\/eetasoft.ee\/eeva\/?page_id=30"},"modified":"2015-12-17T12:56:30","modified_gmt":"2015-12-17T09:56:30","slug":"uuriarvestus","status":"publish","type":"page","link":"https:\/\/eetasoft.ee\/eeva\/moodulid\/uuriarvestus\/","title":{"rendered":"\u00dchistu ja perioodilised arved"},"content":{"rendered":"<div align=\"center\"><center><\/p>\n<table width=\"100%\" border=\"0\" cellspacing=\"0\" cellpadding=\"20\">\n<tbody>\n<tr>\n<td width=\"100%\">\n<p align=\"left\">\u201cEeva\u201d korteri\u00fchituse ja \u00fc\u00fcriarvestuse moodulist toimub arvete moodustamine dokumentide mooduli alla.<\/p>\n<p align=\"left\">Registreeritakse korterite ja majade jm. n\u00e4idud. Nende p\u00f5hjal moodustatakse arved ja toimub tasumise j\u00e4lgimine.<\/p>\n<p align=\"left\">Kasutamisvaldkonnad:<\/p>\n<p align=\"left\">\u00b7 Korteri\u00fchistutes \u00fc\u00fcriarvete moodustamine<\/p>\n<p align=\"left\">\u00b7 Soojusenergia arvete moodustamine<\/p>\n<p align=\"left\">\u00b7 Veevarustuse arvete moodustamine<\/p>\n<p align=\"left\">\u00b7 \u00dchiselamutes \u00fc\u00fcriarvete moodustamine<\/p>\n<p align=\"left\">\u00b7 Rentnikele arvete moodustamine<\/p>\n<\/td>\n<\/tr>\n<\/tbody>\n<\/table>\n<p>&nbsp;<\/p>\n<p>&nbsp;<\/p>\n<p>&nbsp;<\/p>\n<p>&nbsp;<\/p>\n<p><\/center><\/div>\n<div align=\"center\"><center><\/p>\n<table width=\"100%\" border=\"0\" cellspacing=\"0\" cellpadding=\"20\">\n<tbody>\n<tr>\n<td width=\"100%\">\n<p align=\"left\">\u00dc\u00fcriarvestuse mooduli v\u00f5imalused.<\/p>\n<p align=\"left\">\u00b7 Korterite arvestite n\u00e4itude v\u00f5i tarbitud koguse sisestamine. Sisestada saab n\u00e4idud, programm leiab n\u00e4itude vahe, v\u00f5i siis koguse.<\/p>\n<p align=\"left\">\u00b7 Korterite grupeerimine maja, trepikoja vm. tunnuse kaupa.<\/p>\n<p align=\"left\">\u00b7 Grupi n\u00e4itude jagamine v\u00f5rdeliselt elanike arvuga, korteri pindalaga (kuni 3 erinevat pindala), n\u00e4idu v\u00f5i koguse jagamine v\u00f5rdselt korterite vahel.<\/p>\n<p align=\"left\">\u00b7 Arvete moodustamine vastavalt sisestatud n\u00e4itudele v\u00f5i kogustele.<\/p>\n<p align=\"left\">\u00b7 Kliendi varasema v\u00f5la v\u00f5i ettemakse lisamine moodustatud arvetele.<\/p>\n<p align=\"left\">\u00b7 V\u00f5imalik on m\u00e4rkida, kas saadud tulu l\u00e4heb antud kuu v\u00f5i eelmise kuu arvestusse.<\/p>\n<p align=\"left\">\u00b7 Hinna m\u00e4\u00e4ramine vastavalt kliendi liigile. N\u00e4iteks v\u00f5ib \u00fche toote v\u00f5i teenuse hind olla \u00fc\u00fcrnikul v\u00e4iksem (suurem) kui rentnikul. Samuti on v\u00f5imalik \u00e4ra m\u00e4rkida, kas m\u00fc\u00fcakse koos v\u00f5i ilma k\u00e4bemaksuta.<\/p>\n<p align=\"left\">\u00b7 Majadel v\u00f5ivad olla erinevad tariifid.<\/p>\n<p align=\"left\">\u00b7 T\u00fchjade pindade ajutine v\u00e4ljaj\u00e4tmine jaotamisest.<\/p>\n<p align=\"left\">\u00b7 Tasumise j\u00e4lgimine \u00fc\u00fcri liikide kaupa.<\/p>\n<p align=\"left\">Grupi n\u00e4itude jagamisel arvestatakse ka korteritele eraldi sisestatud n\u00e4itusid (koguseid). Korterile ei jagata grupi n\u00e4itu juhul, kui antud korterile on sisestatud antud toote (teenuse) kogus. Grupi \u00fclej\u00e4\u00e4nud liikmete vahel jagatakse sellisel juhul selline kogus, mis on grupi n\u00e4idust v\u00e4iksem antud korteri n\u00e4idu v\u00f5rra. N\u00e4iteks, kui majal on veem\u00f5\u00f5tja, siis jagatakse maja n\u00e4it korterite vahel. Aga kui \u00fchel v\u00f5i mitmel korteril on olemas oma m\u00f5\u00f5tja, siis arvestatakse nende n\u00e4idud maja omast maha ja alles \u00fclej\u00e4\u00e4k jagatakse nende korterite vahel, kellel isiklikku n\u00e4itu ei ole sisestatud.<\/p>\n<p align=\"left\">V\u00f5imalik on ka selline variant, et k\u00f5ik grupi liikmed saavad antud koguse. Sellisel juhul mingit jagamist ei toimu. N\u00e4iteks k\u00f5ik grupi korterid maksavad mingi teenuse (paljudes majades nn. fonolukk) eest iga kuu kindla summa.<\/p>\n<h5 align=\"left\">\u00dc\u00fcriarvestus \u00fc\u00fcri liikide l\u00f5ikes<\/h5>\n<p align=\"left\">\u00dc\u00fcriarvestuse t\u00e4htsaks koostisosaks on v\u00f5imalus j\u00e4lgida korteriomanike hooldustasude ja \u00fc\u00fcrnike \u00fc\u00fcride laekumisi kululiikide l\u00f5ikes. See muudab arvestuse ja raamatupidamise l\u00e4bipaistvaks ning kergemini j\u00e4lgitavaks. P\u00f5him\u00f5tteliselt tuleks vastavalt seadustes s\u00e4testatule pidada eriarvestust ainult korterite remondirahade kohta, aga tegelikus elus on seda m\u00f5istlik pidada k\u00f5ikide kululiikide osas kuiv\u00f5rd elamuid haldavad ettev\u00f5tted on enamasti k\u00f5iki teenuseid (k\u00fcte, soe vesi, k\u00fclm vesi, kanalisatsioon jne.) vahendav organisatsioon.<\/p>\n<\/td>\n<\/tr>\n<\/tbody>\n<\/table>\n<p>&nbsp;<\/p>\n<p>&nbsp;<\/p>\n<p><\/center><\/div>\n","protected":false},"excerpt":{"rendered":"<p>\u201cEeva\u201d korteri\u00fchituse ja \u00fc\u00fcriarvestuse moodulist toimub arvete moodustamine dokumentide mooduli alla. Registreeritakse korterite ja majade jm. n\u00e4idud. Nende p\u00f5hjal moodustatakse arved ja toimub tasumise j\u00e4lgimine. Kasutamisvaldkonnad: \u00b7 Korteri\u00fchistutes \u00fc\u00fcriarvete moodustamine \u00b7 Soojusenergia arvete moodustamine \u00b7 Veevarustuse arvete moodustamine \u00b7 \u00dchiselamutes \u00fc\u00fcriarvete moodustamine \u00b7 Rentnikele arvete moodustamine &nbsp; &nbsp; &nbsp; &nbsp; &#8230;<\/p>\n","protected":false},"author":1,"featured_media":0,"parent":248,"menu_order":0,"comment_status":"closed","ping_status":"open","template":"","meta":{"footnotes":""},"class_list":["post-30","page","type-page","status-publish","hentry","column","threecol"],"_links":{"self":[{"href":"https:\/\/eetasoft.ee\/eeva\/wp-json\/wp\/v2\/pages\/30","targetHints":{"allow":["GET"]}}],"collection":[{"href":"https:\/\/eetasoft.ee\/eeva\/wp-json\/wp\/v2\/pages"}],"about":[{"href":"https:\/\/eetasoft.ee\/eeva\/wp-json\/wp\/v2\/types\/page"}],"author":[{"embeddable":true,"href":"https:\/\/eetasoft.ee\/eeva\/wp-json\/wp\/v2\/users\/1"}],"replies":[{"embeddable":true,"href":"https:\/\/eetasoft.ee\/eeva\/wp-json\/wp\/v2\/comments?post=30"}],"version-history":[{"count":10,"href":"https:\/\/eetasoft.ee\/eeva\/wp-json\/wp\/v2\/pages\/30\/revisions"}],"predecessor-version":[{"id":331,"href":"https:\/\/eetasoft.ee\/eeva\/wp-json\/wp\/v2\/pages\/30\/revisions\/331"}],"up":[{"embeddable":true,"href":"https:\/\/eetasoft.ee\/eeva\/wp-json\/wp\/v2\/pages\/248"}],"wp:attachment":[{"href":"https:\/\/eetasoft.ee\/eeva\/wp-json\/wp\/v2\/media?parent=30"}],"curies":[{"name":"wp","href":"https:\/\/api.w.org\/{rel}","templated":true}]}}