{"id":298,"date":"2013-07-09T16:13:16","date_gmt":"2013-07-09T13:13:16","guid":{"rendered":"http:\/\/eetasoft.ee\/eeva\/?page_id=298"},"modified":"2013-07-31T12:00:49","modified_gmt":"2013-07-31T09:00:49","slug":"pearaamat","status":"publish","type":"page","link":"https:\/\/eetasoft.ee\/eeva\/moodulid\/pearaamat\/","title":{"rendered":"Pearaamat"},"content":{"rendered":"<p><span style=\"font-family: Wingdings; font-size: xx-large;\">\uf033<\/span><span style=\"font-size: xx-large;\"> FINANTS<\/span><\/p>\n<p>\u201cEeva\u201d finantsi (pearaamatut) kasutatakse raamatupidamise, maksu- ja finantsaruannete saamiseks.<\/p>\n<p align=\"JUSTIFY\">Graafilised v\u00e4ljundid lubavad anal\u00fc\u00fcsida teie ettev\u00f5tte tegevust eriti n\u00e4itlikult.<\/p>\n<p align=\"JUSTIFY\">Ostjate ja tarnijate kontodel saab vaadata v\u00f5lgnevusi kas ettev\u00f5tete v\u00f5i arvete tasemel.<\/p>\n<p><strong>Valuutaarvestus<\/strong><\/p>\n<p>Pearaamatu kontod v\u00f5ivad olla ka erinevates raha\u00fchikutes. &#8220;Eeva&#8221; v\u00f5ib moodustada kursimuutustest tulenevaid lausendeid.<\/p>\n<p><strong>Dimensioonid (klassifikaatorid)<\/strong><\/p>\n<p align=\"JUSTIFY\">Pearaamatut v\u00f5ib koostada klassifikaatorite l\u00f5ikes. Klassifikaator kuulub mingi konto juurde ja teda v\u00f5ib vaadelda kui kontonumbri j\u00e4tku. Igal klassifikaatoril on oma algsaldo, oma k\u00e4ibed, talle leitakse oma l\u00f5ppsaldo. Need annavad hea v\u00f5imaluse anal\u00fc\u00fcsida m\u00fc\u00fcki, lepingute t\u00e4itmist vms. N\u00e4iteks v\u00f5ib objektiks olla kauplus ja subjektiks isik, kes m\u00fc\u00fcs. Kui m\u00fc\u00fcja m\u00fc\u00fcb erinevates kauplustes, saate kokkuv\u00f5tteid nii kaupluste kui ka m\u00fc\u00fcjate l\u00f5ikes.<\/p>\n<p align=\"JUSTIFY\">\u201cEevas\u201d on olemas \u00fcheksa s\u00f5ltumatut klassifikaatorit. Tulemusi saab kuni \u00fcheksas erinevas dimensioonis.<\/p>\n<p><strong>Eelarve<\/strong><\/p>\n<p align=\"JUSTIFY\">Kontodele saab kehtestada eelarve ja j\u00e4lgida eelarve t\u00e4itmist. Eelarve saab moodustada kaalude j\u00e4rgi. Ette saab anda soovitud tulemuse ning programm koostab eelarve mingi perioodi tulemuste p\u00f5hjal.<\/p>\n<p align=\"JUSTIFY\"><strong>Konsolideerimine<\/strong><\/p>\n<p align=\"JUSTIFY\">Programm sisaldab v\u00f5imaluse erinevate ettev\u00f5tete bilansside ja kasumiaruande konsolideerimiseks. Ette saab anda osalusprotsendi. Kontserni sisek\u00e4ive elimineeritakse automaatselt.<\/p>\n<p align=\"JUSTIFY\">Konsolideerimiseks peab olema eraldi ettev\u00f5tte. Konsolideeritavate ettev\u00f5tete kanded tuuakse sinna kokku.<\/p>\n<p><strong>Finantsn\u00e4itajate anal\u00fc\u00fcs<\/strong><\/p>\n<p align=\"JUSTIFY\">Finantsn\u00e4itajate aruanne toob v\u00f5rdlevalt v\u00e4lja ettev\u00f5tte olulisemad n\u00e4itajad. Seda saab kasutada tegevuse anal\u00fc\u00fcsiks.<\/p>\n<p align=\"JUSTIFY\">\u00a0<strong>Palju valmis aruandeid<\/strong><\/p>\n<ul>\n<li>Aastaaruanne\u00a0\u00a0elektrooniliseks esitamiseks otse \u00e4riregistrile<\/li>\n<li>Kassa-, panga-, avansiraamat<\/li>\n<li>P\u00e4evaraamat<\/li>\n<li>Pearaamat<\/li>\n<li>K\u00e4ibeandmikud kuup\u00e4evade, klientide, arvete, objektide l\u00f5ikes<\/li>\n<li>K\u00e4ibedeklaratsioon, \u00fchendusesisese k\u00e4ibe aruanne<\/li>\n<li>Kasumiaruanne skeem 1 ja 2 j\u00e4rgi<\/li>\n<li>Rahavood otse ja kaudmeetodil<\/li>\n<li>Bilanss<\/li>\n<li>Omakapitali muutuste aruanne<\/li>\n<\/ul>\n","protected":false},"excerpt":{"rendered":"<p>\uf033 FINANTS \u201cEeva\u201d finantsi (pearaamatut) kasutatakse raamatupidamise, maksu- ja finantsaruannete saamiseks. Graafilised v\u00e4ljundid lubavad anal\u00fc\u00fcsida teie ettev\u00f5tte tegevust eriti n\u00e4itlikult. Ostjate ja tarnijate kontodel saab vaadata v\u00f5lgnevusi kas ettev\u00f5tete v\u00f5i arvete tasemel. Valuutaarvestus Pearaamatu kontod v\u00f5ivad olla ka erinevates raha\u00fchikutes. &#8220;Eeva&#8221; v\u00f5ib moodustada kursimuutustest tulenevaid lausendeid. Dimensioonid (klassifikaatorid) Pearaamatut v\u00f5ib &#8230;<\/p>\n","protected":false},"author":1,"featured_media":0,"parent":248,"menu_order":0,"comment_status":"closed","ping_status":"open","template":"","meta":{"footnotes":""},"class_list":["post-298","page","type-page","status-publish","hentry","column","threecol"],"_links":{"self":[{"href":"https:\/\/eetasoft.ee\/eeva\/wp-json\/wp\/v2\/pages\/298","targetHints":{"allow":["GET"]}}],"collection":[{"href":"https:\/\/eetasoft.ee\/eeva\/wp-json\/wp\/v2\/pages"}],"about":[{"href":"https:\/\/eetasoft.ee\/eeva\/wp-json\/wp\/v2\/types\/page"}],"author":[{"embeddable":true,"href":"https:\/\/eetasoft.ee\/eeva\/wp-json\/wp\/v2\/users\/1"}],"replies":[{"embeddable":true,"href":"https:\/\/eetasoft.ee\/eeva\/wp-json\/wp\/v2\/comments?post=298"}],"version-history":[{"count":2,"href":"https:\/\/eetasoft.ee\/eeva\/wp-json\/wp\/v2\/pages\/298\/revisions"}],"predecessor-version":[{"id":388,"href":"https:\/\/eetasoft.ee\/eeva\/wp-json\/wp\/v2\/pages\/298\/revisions\/388"}],"up":[{"embeddable":true,"href":"https:\/\/eetasoft.ee\/eeva\/wp-json\/wp\/v2\/pages\/248"}],"wp:attachment":[{"href":"https:\/\/eetasoft.ee\/eeva\/wp-json\/wp\/v2\/media?parent=298"}],"curies":[{"name":"wp","href":"https:\/\/api.w.org\/{rel}","templated":true}]}}