{"id":28,"date":"2013-04-04T19:22:24","date_gmt":"2013-04-04T19:22:24","guid":{"rendered":"http:\/\/eetasoft.ee\/eeva\/?page_id=28"},"modified":"2025-01-18T20:01:01","modified_gmt":"2025-01-18T18:01:01","slug":"e-kaubandus","status":"publish","type":"page","link":"https:\/\/eetasoft.ee\/eeva\/e-kaubandus\/","title":{"rendered":"E-kaubandus"},"content":{"rendered":"<p>E-tellimiskeskus t\u00f6\u00f6tab koos Eeva\u00a0<em>klient-serveriga<\/em>\u00a0ja lao\/tellimuste mooduliga.<br \/>\nE-tellimiskeskus lubab l\u00e4bi interneti, brauserit kasutades vaadata kaupu<br \/>\nning teha tellimusi. Eeva tellimiskeskkond t\u00f6\u00f6tab koos Eeva andmebaasidega.<br \/>\nEeva laoseis, kaupade ja hindade muutused kajastuvad kohe veebis.\u00a0Tehtud<br \/>\ntellimused j\u00f5uavad Eeva tellimusteks.\u00a0Kliendi andmeid hoitakse Eeva andmebaasis<br \/>\nja saab hallata Eevas.<\/p>\n<h2>Woocommerce liides<\/h2>\n<p>Eeva Woocommerce liides v\u00f5tab vastu Woocommerce poolt saadetavad tellimused programmi tellimuste alla. Liidest on lihtne kasutada. Liides ei vaja pluginate lisamist v\u00f5i programmeerimist. Kasutamiseks tuleb lihtsalt WooCommerce seadisuses n\u00e4idata tellimuse muutmise veebikonksus Eeva e-poe tellimuste vastuv\u00f5tu aadress.<\/p>\n<h2>Eeva e-pood<\/h2>\n<p>Kasutajal pole vaja eritarkvara paigaldada. Vajalik tarkvara laaditakse l\u00e4bi interneti automaatselt.<\/p>\n<h3>E-tellimiskeskuse v\u00f5imalused:<\/h3>\n<ul>\n<li><b>Tellimiskeskkond.\u00a0<\/b>Ostukorv, tellimuse vormistus, kliendiandmed. Sisaldab v\u00f5imsa ostukeskkonna, kaubad koos piltidega.<\/li>\n<li><b>Tootepuu.\u00a0<\/b>Igale tootele v\u00f5ib omistada erinevaid\u00a0 omadusi (tootegrupp, kaubam\u00e4rk, tootja, soodus, uus jne.).<\/li>\n<li><b>Pildid.\u00a0<\/b>Iga toote juures v\u00f5i n\u00e4idata piiramatult pilte\u00a0 ja lisainfot.<\/li>\n<li><b>Lihtne paigaldada ja seadistada<\/b><\/li>\n<li><b>Laoseisu j\u00e4lgimine<\/b><\/li>\n<li><b>\u00dchilduvus Eeva andmebaasiga.<\/b><\/li>\n<\/ul>\n<p>N\u00f5uded kasutamiseks:<\/p>\n<ul>\n<li><em>Eeva\u00a0server<\/em>\u00a0(PostgreSql) \u00a0Linuxi, Windowsi vm. keskonnas.<\/li>\n<li>Eeva lao\/tellimuste moodul.<\/li>\n<li>Port 80 vm. avatud v\u00e4ljaspoolt juurdep\u00e4\u00e4suks<\/li>\n<li>Brauser<\/li>\n<\/ul>\n<p>E-keskkonna\u00a0saab paigutada Eeva pilvemajutusse.<\/p>\n","protected":false},"excerpt":{"rendered":"<p>E-tellimiskeskus t\u00f6\u00f6tab koos Eeva\u00a0klient-serveriga\u00a0ja lao\/tellimuste mooduliga. E-tellimiskeskus lubab l\u00e4bi interneti, brauserit kasutades vaadata kaupu ning teha tellimusi. Eeva tellimiskeskkond t\u00f6\u00f6tab koos Eeva andmebaasidega. Eeva laoseis, kaupade ja hindade muutused kajastuvad kohe veebis.\u00a0Tehtud tellimused j\u00f5uavad Eeva tellimusteks.\u00a0Kliendi andmeid hoitakse Eeva andmebaasis ja saab hallata Eevas. Woocommerce liides Eeva Woocommerce liides v\u00f5tab &#8230;<\/p>\n","protected":false},"author":1,"featured_media":0,"parent":0,"menu_order":0,"comment_status":"closed","ping_status":"open","template":"","meta":{"footnotes":""},"class_list":["post-28","page","type-page","status-publish","hentry","column","threecol"],"_links":{"self":[{"href":"https:\/\/eetasoft.ee\/eeva\/wp-json\/wp\/v2\/pages\/28","targetHints":{"allow":["GET"]}}],"collection":[{"href":"https:\/\/eetasoft.ee\/eeva\/wp-json\/wp\/v2\/pages"}],"about":[{"href":"https:\/\/eetasoft.ee\/eeva\/wp-json\/wp\/v2\/types\/page"}],"author":[{"embeddable":true,"href":"https:\/\/eetasoft.ee\/eeva\/wp-json\/wp\/v2\/users\/1"}],"replies":[{"embeddable":true,"href":"https:\/\/eetasoft.ee\/eeva\/wp-json\/wp\/v2\/comments?post=28"}],"version-history":[{"count":11,"href":"https:\/\/eetasoft.ee\/eeva\/wp-json\/wp\/v2\/pages\/28\/revisions"}],"predecessor-version":[{"id":792,"href":"https:\/\/eetasoft.ee\/eeva\/wp-json\/wp\/v2\/pages\/28\/revisions\/792"}],"wp:attachment":[{"href":"https:\/\/eetasoft.ee\/eeva\/wp-json\/wp\/v2\/media?parent=28"}],"curies":[{"name":"wp","href":"https:\/\/api.w.org\/{rel}","templated":true}]}}