{"id":23,"date":"2013-04-04T19:17:20","date_gmt":"2013-04-04T19:17:20","guid":{"rendered":"http:\/\/eetasoft.ee\/eeva\/?page_id=23"},"modified":"2013-07-31T13:34:37","modified_gmt":"2013-07-31T10:34:37","slug":"kassasysteem","status":"publish","type":"page","link":"https:\/\/eetasoft.ee\/eeva\/moodulid\/kassasysteem\/","title":{"rendered":"Kassas\u00fcsteem"},"content":{"rendered":"<p>Eeva Kassas\u00fcsteem on m\u00f5eldud jaem\u00fc\u00fcgi teostamiseks arvutil baseeruva kassas\u00fcsteemina.<\/p>\n<p><a title=\"Eeva kassas\u00fcsteemi m\u00fc\u00fcgi aken\" href=\"https:\/\/eetasoft.ee\/eeva\/wp-content\/uploads\/2013\/07\/eevakassasysteem.png\"><img decoding=\"async\" alt=\"eevakassasysteem\" src=\"https:\/\/eetasoft.ee\/eeva\/wp-content\/uploads\/2013\/07\/eevakassasysteem-300x215.png\" \/><\/a><\/p>\n<p><strong>V\u00f5imalused<\/strong><\/p>\n<ul>\n<li><span style=\"font-family: 'Times New Roman Baltic', serif;\">Kiire m\u00fc\u00fck sularahas<\/span><\/li>\n<li><span style=\"font-family: 'Times New Roman Baltic', serif;\">Kaardimakseterminali \u00fchendus<\/span><\/li>\n<li><span style=\"font-family: 'Times New Roman Baltic', serif;\">Koodilugeja juhtimine<\/span><\/li>\n<li><span style=\"font-family: 'Times New Roman Baltic', serif;\">Kliendin\u00e4idiku juhtimine<\/span><\/li>\n<li><span style=\"font-family: 'Times New Roman Baltic', serif;\">Hinnaalanduse tegemine. Alla omahinna m\u00fc\u00fcgi keelu v\u00f5imalus.<\/span><\/li>\n<li><span style=\"font-family: 'Times New Roman Baltic', serif;\">Raha sisse- ja v\u00e4ljamaksed<\/span><\/li>\n<li><span style=\"font-family: 'Times New Roman Baltic', serif;\">P\u00e4eva l\u00f5petamine, vahetuse l\u00f5pu aruanne<\/span><\/li>\n<li><span style=\"font-family: 'Times New Roman Baltic', serif;\">M\u00fc\u00fcgi ja laekumiste aruanded<\/span><\/li>\n<li><span style=\"font-family: 'Times New Roman Baltic', serif;\">Kliendi hinnasoodustused<\/span><\/li>\n<\/ul>\n<p><span style=\"font-family: 'Times New Roman Baltic', serif;\"><b>Restorani, baari, kohviku lisav\u00f5imalused:<\/b><\/span><\/p>\n<ul>\n<li>Laua ja ettekandja valik.<\/li>\n<li><span style=\"font-family: 'Times New Roman Baltic', serif; font-size: medium;\">Mitme avatud arve v\u00f5imalus<\/span><\/li>\n<li>Arve jagamine osadeks<\/li>\n<li>Arvete kokkupanek \u00fcheks<\/li>\n<li>Vahearved<\/li>\n<\/ul>\n<p><span style=\"font-family: 'Times New Roman Baltic', serif;\"><b>Varuosade, m\u00f6\u00f6bli jm. m\u00fc\u00fcgi v\u00f5imalused:<\/b><\/span><\/p>\n<ul>\n<li><span style=\"font-family: 'Times New Roman Baltic', serif; font-size: medium;\">Tellimuse sisestus<\/span><\/li>\n<li><span style=\"font-family: 'Times New Roman Baltic', serif; font-size: medium;\">Ettemakse vastuv\u00f5tt<\/span><\/li>\n<li><span style=\"font-family: 'Times New Roman Baltic', serif; font-size: medium;\">Tellitud kauba v\u00e4ljastamine<\/span><\/li>\n<li><span style=\"font-family: 'Times New Roman Baltic', serif; font-size: medium;\">Kaupade kataloogist valik, hinnakirjade lugemine<\/span><\/li>\n<\/ul>\n<p><span style=\"font-family: 'Times New Roman Baltic', serif;\"><b>Koos tootmise ja lao osadega:<\/b><\/span><\/p>\n<ul>\n<li><span style=\"font-family: 'Times New Roman Baltic', serif;\">Roogade kalkulatsioonide koostamine, kaonormid<\/span><\/li>\n<li><span style=\"font-family: 'Times New Roman Baltic', serif;\">Kuluks kandmine vastavalt kalkulatsioonile<\/span><\/li>\n<li><span style=\"font-family: 'Times New Roman Baltic', serif;\">V\u00f5imalus saada iga p\u00e4ev kulusid<\/span><\/li>\n<li><span style=\"font-family: 'Times New Roman Baltic', serif; font-size: medium;\">Planeerimine tellimuste alusel<\/span><\/li>\n<\/ul>\n<p>Lisav\u00f5imalused:<\/p>\n<ul>\n<ul>\n<li>Tellimuse sisestus, ettemakse vastuv\u00f5tt<\/li>\n<\/ul>\n<\/ul>\n<ul>\n<ul>\n<li>Ettemaksest tasumine<\/li>\n<li>Inventuuri tegemine kantava koodilugejaga Eeva vastavat lisaprogrammi kasutades.<\/li>\n<\/ul>\n<\/ul>\n<p>Kassamooduli loomisel on suurt t\u00e4helepanu p\u00f6\u00f6ratud t\u00f6\u00f6kiirusele ja mugavusele. Sellega t\u00f6\u00f6tades on kogu aeg silme ees artiklite nimekiri, sealt saab artikleid (kaubad ja teenused) valida v\u00f5i otsida nime ja ribakoodi j\u00e4rgi.<\/p>\n<p>Kassas\u00fcsteemi saab v\u00f5tta kasutusele koos riistvaraga:<\/p>\n<ul>\n<li>T\u0161ekiprinter<\/li>\n<li>Ribakoodilugeja<\/li>\n<li>Rahasahtel<\/li>\n<li>Kliendin\u00e4idik<\/li>\n<li>Kassakaal<\/li>\n<li>Kassaarvuti<\/li>\n<\/ul>\n<p>&nbsp;<\/p>\n<p><a href=\"https:\/\/eetasoft.ee\/eeva\/wp-content\/uploads\/2013\/07\/rahasahtel.png\"><img loading=\"lazy\" decoding=\"async\" class=\"alignnone size-full wp-image-397\" alt=\"rahasahtel\" src=\"https:\/\/eetasoft.ee\/eeva\/wp-content\/uploads\/2013\/07\/rahasahtel.png\" width=\"90\" height=\"90\" \/><\/a> <a href=\"https:\/\/eetasoft.ee\/eeva\/wp-content\/uploads\/2013\/07\/letikaal.png\"><img loading=\"lazy\" decoding=\"async\" class=\"alignnone size-full wp-image-396\" alt=\"letikaal\" src=\"https:\/\/eetasoft.ee\/eeva\/wp-content\/uploads\/2013\/07\/letikaal.png\" width=\"258\" height=\"195\" \/><\/a> <a href=\"https:\/\/eetasoft.ee\/eeva\/wp-content\/uploads\/2013\/07\/kliendinaidik.png\"><img loading=\"lazy\" decoding=\"async\" class=\"alignnone size-full wp-image-395\" alt=\"kliendinaidik\" src=\"https:\/\/eetasoft.ee\/eeva\/wp-content\/uploads\/2013\/07\/kliendinaidik.png\" width=\"200\" height=\"200\" srcset=\"https:\/\/eetasoft.ee\/eeva\/wp-content\/uploads\/2013\/07\/kliendinaidik.png 200w, https:\/\/eetasoft.ee\/eeva\/wp-content\/uploads\/2013\/07\/kliendinaidik-150x150.png 150w\" sizes=\"auto, (max-width: 200px) 100vw, 200px\" \/><\/a> <a href=\"https:\/\/eetasoft.ee\/eeva\/wp-content\/uploads\/2013\/07\/kassaprinter.png\"><img loading=\"lazy\" decoding=\"async\" class=\"alignnone size-full wp-image-394\" alt=\"kassaprinter\" src=\"https:\/\/eetasoft.ee\/eeva\/wp-content\/uploads\/2013\/07\/kassaprinter.png\" width=\"200\" height=\"200\" srcset=\"https:\/\/eetasoft.ee\/eeva\/wp-content\/uploads\/2013\/07\/kassaprinter.png 200w, https:\/\/eetasoft.ee\/eeva\/wp-content\/uploads\/2013\/07\/kassaprinter-150x150.png 150w\" sizes=\"auto, (max-width: 200px) 100vw, 200px\" \/><\/a> <a href=\"https:\/\/eetasoft.ee\/eeva\/wp-content\/uploads\/2013\/07\/kassaarvuti.png\"><img loading=\"lazy\" decoding=\"async\" class=\"alignnone size-full wp-image-393\" alt=\"kassaarvuti\" src=\"https:\/\/eetasoft.ee\/eeva\/wp-content\/uploads\/2013\/07\/kassaarvuti.png\" width=\"150\" height=\"225\" \/><\/a><\/p>\n","protected":false},"excerpt":{"rendered":"<p>Eeva Kassas\u00fcsteem on m\u00f5eldud jaem\u00fc\u00fcgi teostamiseks arvutil baseeruva kassas\u00fcsteemina. V\u00f5imalused Kiire m\u00fc\u00fck sularahas Kaardimakseterminali \u00fchendus Koodilugeja juhtimine Kliendin\u00e4idiku juhtimine Hinnaalanduse tegemine. Alla omahinna m\u00fc\u00fcgi keelu v\u00f5imalus. Raha sisse- ja v\u00e4ljamaksed P\u00e4eva l\u00f5petamine, vahetuse l\u00f5pu aruanne M\u00fc\u00fcgi ja laekumiste aruanded Kliendi hinnasoodustused Restorani, baari, kohviku lisav\u00f5imalused: Laua ja ettekandja valik. Mitme &#8230;<\/p>\n","protected":false},"author":1,"featured_media":0,"parent":248,"menu_order":0,"comment_status":"closed","ping_status":"open","template":"","meta":{"footnotes":""},"class_list":["post-23","page","type-page","status-publish","hentry","column","threecol"],"_links":{"self":[{"href":"https:\/\/eetasoft.ee\/eeva\/wp-json\/wp\/v2\/pages\/23","targetHints":{"allow":["GET"]}}],"collection":[{"href":"https:\/\/eetasoft.ee\/eeva\/wp-json\/wp\/v2\/pages"}],"about":[{"href":"https:\/\/eetasoft.ee\/eeva\/wp-json\/wp\/v2\/types\/page"}],"author":[{"embeddable":true,"href":"https:\/\/eetasoft.ee\/eeva\/wp-json\/wp\/v2\/users\/1"}],"replies":[{"embeddable":true,"href":"https:\/\/eetasoft.ee\/eeva\/wp-json\/wp\/v2\/comments?post=23"}],"version-history":[{"count":20,"href":"https:\/\/eetasoft.ee\/eeva\/wp-json\/wp\/v2\/pages\/23\/revisions"}],"predecessor-version":[{"id":518,"href":"https:\/\/eetasoft.ee\/eeva\/wp-json\/wp\/v2\/pages\/23\/revisions\/518"}],"up":[{"embeddable":true,"href":"https:\/\/eetasoft.ee\/eeva\/wp-json\/wp\/v2\/pages\/248"}],"wp:attachment":[{"href":"https:\/\/eetasoft.ee\/eeva\/wp-json\/wp\/v2\/media?parent=23"}],"curies":[{"name":"wp","href":"https:\/\/api.w.org\/{rel}","templated":true}]}}