{"id":21,"date":"2013-04-04T19:16:32","date_gmt":"2013-04-04T19:16:32","guid":{"rendered":"http:\/\/eetasoft.ee\/eeva\/?page_id=21"},"modified":"2024-12-06T17:55:50","modified_gmt":"2024-12-06T15:55:50","slug":"jobs","status":"publish","type":"page","link":"https:\/\/eetasoft.ee\/eeva\/jobs\/","title":{"rendered":"T\u00f6\u00f6pakkumised"},"content":{"rendered":"<p><strong>Firmast<\/strong><\/p>\n<p>O\u00dc Eetasoft on tegutsenud 30 aastat.<\/p>\n<p>Pakume huvitavat, kuid vastutusrikast t\u00f6\u00f6d. Eeldame tulemusele orienteeritust, kohusetundlikkust, t\u00e4psust ja lubadustest ning kokkulepetest kinnipidamist.<\/p>\n<p>Eetasoft pakub t\u00f6\u00f6d:<\/p>\n<p><span style=\"color: #99cc00;\"><strong>Majandustarkvara m\u00fc\u00fcgikonsultant<\/strong><\/span><\/p>\n<p>Majandustarkvara aktiivne m\u00fc\u00fck, tutvustus, m\u00fc\u00fcgi organiseerimine ja koordineerimine.<\/p>\n<p><strong>Majandustarkvara toe konsultant<\/strong><\/p>\n<p>Majandustarkvara tugi, anal\u00fc\u00fcs, lisaprogrammide, aruannete loomine.<\/p>\n<p><span style=\"color: #339966;\"><strong>Tarkvara arendaja<\/strong><\/span><\/p>\n<p>Oskused: SQL keel, FoxPro, PostgreSQL, C#, .NET, HTML, Javascript<\/p>\n<p><strong>T\u00f6\u00f6viisid<\/strong><\/p>\n<p>T\u00f6\u00f6 kaugt\u00f6\u00f6na, v\u00f5ib ka \u00f5ppimise k\u00f5rvalt, orienteeritud tulemusele.<\/p>\n<p><em><strong>Kandideerimine:<\/strong><\/em><\/p>\n<p>Saada CV ja motivatsioonikiri\u00a0 <a href=\"mailto:personal@eetasoft.ee\">personal@eetasoft.ee<\/a><\/p>\n","protected":false},"excerpt":{"rendered":"<p>Firmast O\u00dc Eetasoft on tegutsenud 30 aastat. Pakume huvitavat, kuid vastutusrikast t\u00f6\u00f6d. Eeldame tulemusele orienteeritust, kohusetundlikkust, t\u00e4psust ja lubadustest ning kokkulepetest kinnipidamist. Eetasoft pakub t\u00f6\u00f6d: Majandustarkvara m\u00fc\u00fcgikonsultant Majandustarkvara aktiivne m\u00fc\u00fck, tutvustus, m\u00fc\u00fcgi organiseerimine ja koordineerimine. Majandustarkvara toe konsultant Majandustarkvara tugi, anal\u00fc\u00fcs, lisaprogrammide, aruannete loomine. Tarkvara arendaja Oskused: SQL keel, FoxPro, &#8230;<\/p>\n","protected":false},"author":1,"featured_media":0,"parent":0,"menu_order":0,"comment_status":"closed","ping_status":"open","template":"","meta":{"footnotes":""},"class_list":["post-21","page","type-page","status-publish","hentry","column","threecol"],"_links":{"self":[{"href":"https:\/\/eetasoft.ee\/eeva\/wp-json\/wp\/v2\/pages\/21","targetHints":{"allow":["GET"]}}],"collection":[{"href":"https:\/\/eetasoft.ee\/eeva\/wp-json\/wp\/v2\/pages"}],"about":[{"href":"https:\/\/eetasoft.ee\/eeva\/wp-json\/wp\/v2\/types\/page"}],"author":[{"embeddable":true,"href":"https:\/\/eetasoft.ee\/eeva\/wp-json\/wp\/v2\/users\/1"}],"replies":[{"embeddable":true,"href":"https:\/\/eetasoft.ee\/eeva\/wp-json\/wp\/v2\/comments?post=21"}],"version-history":[{"count":12,"href":"https:\/\/eetasoft.ee\/eeva\/wp-json\/wp\/v2\/pages\/21\/revisions"}],"predecessor-version":[{"id":783,"href":"https:\/\/eetasoft.ee\/eeva\/wp-json\/wp\/v2\/pages\/21\/revisions\/783"}],"wp:attachment":[{"href":"https:\/\/eetasoft.ee\/eeva\/wp-json\/wp\/v2\/media?parent=21"}],"curies":[{"name":"wp","href":"https:\/\/api.w.org\/{rel}","templated":true}]}}