{"id":19,"date":"2013-04-04T19:14:52","date_gmt":"2013-04-04T19:14:52","guid":{"rendered":"http:\/\/eetasoft.ee\/eeva\/?page_id=19"},"modified":"2025-12-05T13:22:43","modified_gmt":"2025-12-05T11:22:43","slug":"uudised","status":"publish","type":"page","link":"https:\/\/eetasoft.ee\/eeva\/","title":{"rendered":"Uudised"},"content":{"rendered":"<h2 style=\"text-align: left;\"><a href=\"https:\/\/eetasoft.ee\/eeva\/wp-content\/uploads\/2013\/07\/cropped-logo_joonis_tykk-X.jpg\"><img loading=\"lazy\" decoding=\"async\" class=\"alignnone size-full wp-image-163\" src=\"https:\/\/eetasoft.ee\/eeva\/wp-content\/uploads\/2013\/07\/cropped-logo_joonis_tykk-X.jpg\" alt=\"cropped-logo_joonis_tykk-X.jpg\" width=\"150\" height=\"150\" \/><\/a>Eeva Majandustarkvara uudised<\/h2>\n<h2>2026 palga uuendused\u00a0 on valmis!<\/h2>\n<p>Valmisid Eeva 2026 a. a palga uuendused. Pakett sisaldab vajaliku 2026 aastal uue maksuvaba m\u00e4\u00e4raga arvestuseks ja deklareerimiseks.<\/p>\n<p><a title=\"Palga uuendused\" href=\"http:\/\/eetasoft.ee\/tsd.htm\">Palga uuendused saab tellida siit<\/a>.<\/p>\n<p><span style=\"font-family: Oswald, sans-serif; font-size: 24px; font-weight: 300; letter-spacing: 1px;\">Eeva uus e-keskkond<\/span><\/p>\n<p>Eeva veebikeskonda on lisandunud asukoha j\u00e4lgimine. S\u00f5idu teekonda saab j\u00e4lgida kaardil, arvestatakse s\u00f5idukilomeetrid, s\u00f5idu- ja t\u00f6\u00f6ajad.<\/p>\n<p><small>Eeva E-tellimiskeskus on n\u00e4itab lisaks laoseisule ja kliendi hinnale ostutellimuste j\u00e4rgi, millal kaup saabub. Elektrooniliseks andmevahetuseks valmisid Ee-dokumentide liidesed. Automaatselt saab vastu saab v\u00f5tta tellimusi, vastuv\u00f5tukinnitusi, kreeditarve tellimusi.<\/small><\/p>\n<p>V\u00e4ljastada saab saatelehti, arveid, kreeditarveid.<\/p>\n<p>Finantsanal\u00fc\u00fcsi alla lisatud Finantsanal\u00fc\u00fcsi ja finantsseisundi hinde aruanded.<\/p>\n<p>Uus programm sisaldab viimased seadusemuutused, uued v\u00f5imalused t\u00f6\u00f6ks l\u00e4bi interneti,<br \/>\nuue graafilise anal\u00fc\u00fcsi keskkonna ja palju muud.<\/p>\n<ul>\n<li>\u00a0Palga uuendused, uued maksud. Lisaks teistele saab n\u00fc\u00fcd ka palga statistikaaruandeid\u00a0esitada elektroonselt.<\/li>\n<li>\u00a0Automaat\u00fchendus Euroopa Keskpangaga. Programm loeb automaatselt eurokursid\u00a0Euroopa Keskpangast.<\/li>\n<li>\u00a0Lao uuendused. Uus laohinna arvutus luba automaatselt arvutada kuude kaupa laohindu\u00a0ja muudab automaatselt kanded vastavalt muutunud maksumusele.<\/li>\n<li>\u00a0E-arve tugi. Uus programm sisaldab e-arvete moodustamise.<\/li>\n<\/ul>\n<p><strong>Eeva l\u00e4bi interneti t\u00f6\u00f6 uuendused<\/strong><\/p>\n<figure id=\"attachment_608\" aria-describedby=\"caption-attachment-608\" style=\"width: 300px\" class=\"wp-caption alignleft\"><a href=\"https:\/\/eetasoft.ee\/eeva\/wp-content\/uploads\/juhtpaneel.png\"><img loading=\"lazy\" decoding=\"async\" class=\"size-medium wp-image-608  \" src=\"https:\/\/eetasoft.ee\/eeva\/wp-content\/uploads\/juhtpaneel-300x144.png\" alt=\"Eeva interneti juhtpaneel\" width=\"300\" height=\"144\" srcset=\"https:\/\/eetasoft.ee\/eeva\/wp-content\/uploads\/juhtpaneel-300x144.png 300w, https:\/\/eetasoft.ee\/eeva\/wp-content\/uploads\/juhtpaneel-700x336.png 700w, https:\/\/eetasoft.ee\/eeva\/wp-content\/uploads\/juhtpaneel.png 723w\" sizes=\"auto, (max-width: 300px) 100vw, 300px\" \/><\/a><figcaption id=\"caption-attachment-608\" class=\"wp-caption-text\">Eeva juhtpaneel<\/figcaption><\/figure>\n<p>&#8211; <strong>E-pood.<\/strong> Eeva veebipoodi saab n\u00fc\u00fcd kasutada ka kaasaegsest mobiiltelefonist ja tahvelarvutist. Uus HTML makett t\u00f6\u00f6tab k\u00f5ikjal. iPhone ja iPodi kasutajad saavad n\u00fc\u00fcd teha Eeva e-poest mugavalt oste.<br \/>\n&#8211; <strong>E-tellimiskeskus<\/strong>. Eeva e-tellimiskeskus n\u00e4itab ostja tema hindu, laoseisu ja luba teha tellimust internetist. E-tellimiskeskuse uus sisuhaldus lubab m\u00e4\u00e4rata lehtedel n\u00e4idatavat sisu.<\/p>\n<p><strong>Uus graafilise anal\u00fc\u00fcsi keskkond<\/strong><\/p>\n<p>Aruannetest saab n\u00fc\u00fcd mugavalt moodustada anal\u00fc\u00fcsiks diagramme. Anal\u00fc\u00fcsil saab muuta sadakond parameetrit, kasutades Eeva uut anal\u00fc\u00fcsi kasutajaliidest.<\/p>\n<p><strong>Tootmise uuendused<\/strong><\/p>\n<p>Uus klikitav ressursside planeerimise keskkond lubab mugavalt planeerida ja juhtida tootmist.<br \/>\nEeva personal<\/p>\n<p>Eeva personal sisaldab uue puhkusp\u00e4evade arvestuse, mis arvestab puhkuste aegumisi. Uues aruandluses on selgelt n\u00e4ha, millal ja mis puhkused aeguvad v\u00f5i on aegunud, aegumisperioodide kaupa. Lisatud on p\u00f5hjalik puudumiste anal\u00fc\u00fcs.<\/p>\n<p><strong>E-raamatupidamine<\/strong><\/p>\n<p>Uus Eeva lubab turvaliselt teostada E-raamatupidamist l\u00e4bi interneti. Andmed paiknevad turvalises serveris ja on kasutatavad l\u00e4bi interneti k\u00f5ikjalt.<\/p>\n<p><strong>Uue programmi demo saab laadida demo laadimise lehelt &#8211; <\/strong><a title=\"Lae alla\" href=\"https:\/\/eetasoft.ee\/eeva\/kontakt\/\"><button>Lae alla!<\/button><\/a><\/p>\n","protected":false},"excerpt":{"rendered":"<p>Eeva Majandustarkvara uudised 2026 palga uuendused\u00a0 on valmis! Valmisid Eeva 2026 a. a palga uuendused. Pakett sisaldab vajaliku 2026 aastal uue maksuvaba m\u00e4\u00e4raga arvestuseks ja deklareerimiseks. Palga uuendused saab tellida siit. Eeva uus e-keskkond Eeva veebikeskonda on lisandunud asukoha j\u00e4lgimine. S\u00f5idu teekonda saab j\u00e4lgida kaardil, arvestatakse s\u00f5idukilomeetrid, s\u00f5idu- ja t\u00f6\u00f6ajad. &#8230;<\/p>\n","protected":false},"author":1,"featured_media":0,"parent":0,"menu_order":0,"comment_status":"closed","ping_status":"open","template":"","meta":{"footnotes":""},"class_list":["post-19","page","type-page","status-publish","hentry","column","threecol"],"_links":{"self":[{"href":"https:\/\/eetasoft.ee\/eeva\/wp-json\/wp\/v2\/pages\/19","targetHints":{"allow":["GET"]}}],"collection":[{"href":"https:\/\/eetasoft.ee\/eeva\/wp-json\/wp\/v2\/pages"}],"about":[{"href":"https:\/\/eetasoft.ee\/eeva\/wp-json\/wp\/v2\/types\/page"}],"author":[{"embeddable":true,"href":"https:\/\/eetasoft.ee\/eeva\/wp-json\/wp\/v2\/users\/1"}],"replies":[{"embeddable":true,"href":"https:\/\/eetasoft.ee\/eeva\/wp-json\/wp\/v2\/comments?post=19"}],"version-history":[{"count":62,"href":"https:\/\/eetasoft.ee\/eeva\/wp-json\/wp\/v2\/pages\/19\/revisions"}],"predecessor-version":[{"id":799,"href":"https:\/\/eetasoft.ee\/eeva\/wp-json\/wp\/v2\/pages\/19\/revisions\/799"}],"wp:attachment":[{"href":"https:\/\/eetasoft.ee\/eeva\/wp-json\/wp\/v2\/media?parent=19"}],"curies":[{"name":"wp","href":"https:\/\/api.w.org\/{rel}","templated":true}]}}