{"id":144,"date":"2013-07-08T11:08:11","date_gmt":"2013-07-08T08:08:11","guid":{"rendered":"http:\/\/eetasoft.ee\/eeva\/?page_id=144"},"modified":"2013-07-31T12:01:22","modified_gmt":"2013-07-31T09:01:22","slug":"interneti-kaugtooserver-2","status":"publish","type":"page","link":"https:\/\/eetasoft.ee\/eeva\/moodulid\/interneti-kaugtooserver-2\/","title":{"rendered":"Interneti kaugt\u00f6\u00f6server"},"content":{"rendered":"<p><b>Kontseptsioon<\/b><\/p>\n<p>Eeva klient-server lubab t\u00f6\u00f6tada Eeva Majandustarkvaraga osadega l\u00e4bi interneti,<br \/>\nilma et arvutid oleksid omavahel lokaalv\u00f5rku \u00fchendatud.<\/p>\n<p>Eeva klientarvutis saab t\u00f6\u00f6tada Eeva tavalise mugava graafilise kasutajaliidesega,<br \/>\npeale Eeva enda muud lisatarkvara kasutamata.\u00a0Tehtud muutused on kohe n\u00e4htavad teistele kasutajatele.<\/p>\n<p>Eeva klient-server kasutab <a href=\"http:\/\/www.postgresql.org\/\">PostgreSQL<\/a> andmebaasiserverit.<br \/>\nPostgreSQL on maailma v\u00f5imsaim avatud andmebaasis\u00fcsteem.<\/p>\n<p><b>Eeva serverit iseloomustavad:<\/b><\/p>\n<ul>\n<li>Suurte andmemahtude tugi<\/li>\n<li>Paljude samaaegsete kasutajate v\u00f5imalus<\/li>\n<li>Server t\u00f6\u00f6tab k\u00f5igil levinud operatsioonis\u00fcsteemides (Linux, Unix, Windows, FReeBSD, MacOS jm.)<\/li>\n<li>SQL standardite tugi<\/li>\n<li>Andmete terviklikkuse kontroll (on andmebaasimootorisse sisse ehitatud)<\/li>\n<li>\u00dchendus e-poega<\/li>\n<\/ul>\n<p>Serveri saab paigutada firma enda v\u00f5i Eetasofti kiire interneti\u00fchendusega rendiserverisse.<br \/>\nSelle kohta vaata <a href=\"#\">rendi lehelt.<\/a><\/p>\n<p><b>Eeva serveri k\u00e4ivitamine<\/b><\/p>\n<p>Eeva serveri k\u00e4ivitamine ei erine palju tavalise Eeva k\u00e4ivitamisest. Vahe on aga selles,<br \/>\net kui tava-Eevasse v\u00f5ib ka paroolita sisse p\u00e4\u00e4seda, siis Eeva serveris seda v\u00f5imalust<br \/>\nei ole. Serverisse saab sisse logida \u00fcksnes kehtiva kasutajanime ja parooli abil.<\/p>\n<p>Teine erinevus on selles, et Eeva k\u00e4ivitamisel ilmuvas logimisaknas on lisaks<br \/>\ntavalistele Kasutaja ja Parooli lahtritele lisaks ka lahter Server:<\/p>\n<p>Serveri lahtrisse sisestatakse selle arvuti IP-aadress, kus asub Eeva Postgresi<br \/>\nandmebaas. Kui Eevaga t\u00f6\u00f6tatakse samas arvutis, kus ka Eeva server asub,<br \/>\ntuleb lahtrisse Server kirjutada IP-aadressi asemel localhost.<\/p>\n<p>Eeva server kasutab porti 5432 saabuvaid p\u00e4ringuid. Seega tuleb Eeva serveri<br \/>\nkasutamiseks avada ruuteris port 5432 ja suunata arvutisse, kus asub<br \/>\nEeva Postgresi andmebaas.<\/p>\n","protected":false},"excerpt":{"rendered":"<p>Kontseptsioon Eeva klient-server lubab t\u00f6\u00f6tada Eeva Majandustarkvaraga osadega l\u00e4bi interneti, ilma et arvutid oleksid omavahel lokaalv\u00f5rku \u00fchendatud. Eeva klientarvutis saab t\u00f6\u00f6tada Eeva tavalise mugava graafilise kasutajaliidesega, peale Eeva enda muud lisatarkvara kasutamata.\u00a0Tehtud muutused on kohe n\u00e4htavad teistele kasutajatele. Eeva klient-server kasutab PostgreSQL andmebaasiserverit. PostgreSQL on maailma v\u00f5imsaim avatud andmebaasis\u00fcsteem. Eeva &#8230;<\/p>\n","protected":false},"author":1,"featured_media":0,"parent":248,"menu_order":0,"comment_status":"closed","ping_status":"open","template":"","meta":{"footnotes":""},"class_list":["post-144","page","type-page","status-publish","hentry","column","threecol"],"_links":{"self":[{"href":"https:\/\/eetasoft.ee\/eeva\/wp-json\/wp\/v2\/pages\/144","targetHints":{"allow":["GET"]}}],"collection":[{"href":"https:\/\/eetasoft.ee\/eeva\/wp-json\/wp\/v2\/pages"}],"about":[{"href":"https:\/\/eetasoft.ee\/eeva\/wp-json\/wp\/v2\/types\/page"}],"author":[{"embeddable":true,"href":"https:\/\/eetasoft.ee\/eeva\/wp-json\/wp\/v2\/users\/1"}],"replies":[{"embeddable":true,"href":"https:\/\/eetasoft.ee\/eeva\/wp-json\/wp\/v2\/comments?post=144"}],"version-history":[{"count":12,"href":"https:\/\/eetasoft.ee\/eeva\/wp-json\/wp\/v2\/pages\/144\/revisions"}],"predecessor-version":[{"id":390,"href":"https:\/\/eetasoft.ee\/eeva\/wp-json\/wp\/v2\/pages\/144\/revisions\/390"}],"up":[{"embeddable":true,"href":"https:\/\/eetasoft.ee\/eeva\/wp-json\/wp\/v2\/pages\/248"}],"wp:attachment":[{"href":"https:\/\/eetasoft.ee\/eeva\/wp-json\/wp\/v2\/media?parent=144"}],"curies":[{"name":"wp","href":"https:\/\/api.w.org\/{rel}","templated":true}]}}