{"id":12,"date":"2013-04-04T19:04:05","date_gmt":"2013-04-04T19:04:05","guid":{"rendered":"http:\/\/eetasoft.ee\/eeva\/?page_id=12"},"modified":"2015-12-29T19:39:36","modified_gmt":"2015-12-29T16:39:36","slug":"kontakt","status":"publish","type":"page","link":"https:\/\/eetasoft.ee\/eeva\/kontakt\/","title":{"rendered":"Kontakt"},"content":{"rendered":"\n<div class=\"wpcf7 no-js\" id=\"wpcf7-f648-o1\" lang=\"et\" dir=\"ltr\" data-wpcf7-id=\"648\">\n<div class=\"screen-reader-response\"><p role=\"status\" aria-live=\"polite\" aria-atomic=\"true\"><\/p> <ul><\/ul><\/div>\n<form action=\"\/eeva\/wp-json\/wp\/v2\/pages\/12#wpcf7-f648-o1\" method=\"post\" class=\"wpcf7-form init\" aria-label=\"Contact form\" novalidate=\"novalidate\" data-status=\"init\">\n<fieldset class=\"hidden-fields-container\"><input type=\"hidden\" name=\"_wpcf7\" value=\"648\" \/><input type=\"hidden\" name=\"_wpcf7_version\" value=\"6.1.5\" \/><input type=\"hidden\" name=\"_wpcf7_locale\" value=\"et\" \/><input type=\"hidden\" name=\"_wpcf7_unit_tag\" value=\"wpcf7-f648-o1\" \/><input type=\"hidden\" name=\"_wpcf7_container_post\" value=\"0\" \/><input type=\"hidden\" name=\"_wpcf7_posted_data_hash\" value=\"\" \/>\n<\/fieldset>\n<table>\n\t<tbody>\n\t\t<tr>\n\t\t\t<td align=\"right\" >\n\t\t\t\t<p>Ettev\u00f5tte nimi\n\t\t\t\t<\/p>\n\t\t\t<\/td>\n\t\t\t<td>\n\t\t\t<\/td>\n\t\t\t<td nowrap=\"nowrap\">\n\t\t\t\t<p><span class=\"wpcf7-form-control-wrap\" data-name=\"ettevote\"><input size=\"40\" maxlength=\"400\" class=\"wpcf7-form-control wpcf7-text wpcf7-validates-as-required\" aria-required=\"true\" aria-invalid=\"false\" value=\"\" type=\"text\" name=\"ettevote\" \/><\/span><br \/>\n<span style=\"color: #ff0000;\">*<\/span>\n\t\t\t\t<\/p>\n\t\t\t<\/td>\n\t\t<\/tr>\n\t\t<tr>\n\t\t\t<td align=\"right\" >\n\t\t\t\t<p>Ees ja perenimi\n\t\t\t\t<\/p>\n\t\t\t<\/td>\n\t\t\t<td>\n\t\t\t<\/td>\n\t\t\t<td>\n\t\t\t\t<p><span class=\"wpcf7-form-control-wrap\" data-name=\"nimi\"><input size=\"40\" maxlength=\"400\" class=\"wpcf7-form-control wpcf7-text wpcf7-validates-as-required\" aria-required=\"true\" aria-invalid=\"false\" value=\"\" type=\"text\" name=\"nimi\" \/><\/span><span style=\"color: #ff3300;\">* <\/span>\n\t\t\t\t<\/p>\n\t\t\t<\/td>\n\t\t<\/tr>\n\t\t<tr>\n\t\t\t<td align=\"right\" >\n\t\t\t\t<p>Amet\n\t\t\t\t<\/p>\n\t\t\t<\/td>\n\t\t\t<td>\n\t\t\t<\/td>\n\t\t\t<td>\n\t\t\t\t<p><span class=\"wpcf7-form-control-wrap\" data-name=\"amet\"><input size=\"40\" maxlength=\"400\" class=\"wpcf7-form-control wpcf7-text wpcf7-validates-as-required\" aria-required=\"true\" aria-invalid=\"false\" value=\"\" type=\"text\" name=\"amet\" \/><\/span><span style=\"color: #ff3300;\">* <\/span>\n\t\t\t\t<\/p>\n\t\t\t<\/td>\n\t\t<\/tr>\n\t\t<tr>\n\t\t\t<td align=\"right\">\n\t\t\t\t<p>E-post\n\t\t\t\t<\/p>\n\t\t\t<\/td>\n\t\t\t<td >\n\t\t\t<\/td>\n\t\t\t<td >\n\t\t\t\t<p><span class=\"wpcf7-form-control-wrap\" data-name=\"epost\"><input size=\"40\" maxlength=\"400\" class=\"wpcf7-form-control wpcf7-email wpcf7-validates-as-required wpcf7-text wpcf7-validates-as-email\" aria-required=\"true\" aria-invalid=\"false\" value=\"\" type=\"email\" name=\"epost\" \/><\/span><span style=\"color: #ff3300;\">* <\/span>\n\t\t\t\t<\/p>\n\t\t\t<\/td>\n\t\t<\/tr>\n\t\t<tr>\n\t\t\t<td align=\"right\" >\n\t\t\t\t<p>Telefon\n\t\t\t\t<\/p>\n\t\t\t<\/td>\n\t\t\t<td>\n\t\t\t<\/td>\n\t\t\t<td>\n\t\t\t\t<p><span class=\"wpcf7-form-control-wrap\" data-name=\"telefon\"><input size=\"40\" maxlength=\"400\" class=\"wpcf7-form-control wpcf7-tel wpcf7-validates-as-required wpcf7-text wpcf7-validates-as-tel\" aria-required=\"true\" aria-invalid=\"false\" value=\"\" type=\"tel\" name=\"telefon\" \/><\/span><span style=\"color: #ff3300;\">*<\/span>\n\t\t\t\t<\/p>\n\t\t\t<\/td>\n\t\t<\/tr>\n\t\t<tr>\n\t\t\t<td align=\"right\" >\n\t\t\t\t<p>Aadress\n\t\t\t\t<\/p>\n\t\t\t<\/td>\n\t\t\t<td align=\"center\" width=\"2\">\n\t\t\t<\/td>\n\t\t\t<td>\n\t\t\t\t<p><span class=\"wpcf7-form-control-wrap\" data-name=\"aadress\"><input size=\"40\" maxlength=\"400\" class=\"wpcf7-form-control wpcf7-text wpcf7-validates-as-required\" aria-required=\"true\" aria-invalid=\"false\" value=\"\" type=\"text\" name=\"aadress\" \/><\/span><span style=\"color: #ff3300;\">* <\/span>\n\t\t\t\t<\/p>\n\t\t\t<\/td>\n\t\t<\/tr>\n\t\t<tr>\n\t\t\t<td align=\"right\" >\n\t\t\t\t<p>Linn\n\t\t\t\t<\/p>\n\t\t\t<\/td>\n\t\t\t<td align=\"center\" width=\"2\">\n\t\t\t<\/td>\n\t\t\t<td>\n\t\t\t\t<p><span class=\"wpcf7-form-control-wrap\" data-name=\"linn\"><input size=\"40\" maxlength=\"400\" class=\"wpcf7-form-control wpcf7-text wpcf7-validates-as-required\" aria-required=\"true\" aria-invalid=\"false\" value=\"\" type=\"text\" name=\"linn\" \/><\/span><span style=\"color: #ff3300;\">* <\/span>\n\t\t\t\t<\/p>\n\t\t\t<\/td>\n\t\t<\/tr>\n\t\t<tr>\n\t\t\t<td align=\"right\" >\n\t\t\t\t<p>Tegevusala\n\t\t\t\t<\/p>\n\t\t\t<\/td>\n\t\t\t<td align=\"center\" width=\"2\">\n\t\t\t<\/td>\n\t\t\t<td>\n\t\t\t\t<p><span class=\"wpcf7-form-control-wrap\" data-name=\"tegevusala\"><input size=\"40\" maxlength=\"400\" class=\"wpcf7-form-control wpcf7-text\" aria-invalid=\"false\" value=\"\" type=\"text\" name=\"tegevusala\" \/><\/span>\n\t\t\t\t<\/p>\n\t\t\t<\/td>\n\t\t<\/tr>\n\t\t<tr>\n\t\t\t<td align=\"right\">\n\t\t\t\t<p>Kust kuulsid Eevast?\n\t\t\t\t<\/p>\n\t\t\t<\/td>\n\t\t\t<td align=\"center\" width=\"2\">\n\t\t\t<\/td>\n\t\t\t<td>\n\t\t\t\t<p><span class=\"wpcf7-form-control-wrap\" data-name=\"kustsattus\"><input size=\"40\" maxlength=\"400\" class=\"wpcf7-form-control wpcf7-text wpcf7-validates-as-required\" aria-required=\"true\" aria-invalid=\"false\" value=\"\" type=\"text\" name=\"kustsattus\" \/><\/span><span style=\"color: #ff3300;\">*<\/span>\n\t\t\t\t<\/p>\n\t\t\t<\/td>\n\t\t<\/tr>\n\t\t<tr>\n\t\t\t<td align=\"right\" >\n\t\t\t\t<p>Kommentaarid ja k\u00fcsimused\n\t\t\t\t<\/p>\n\t\t\t<\/td>\n\t\t\t<td align=\"center\" width=\"2\">\n\t\t\t<\/td>\n\t\t\t<td>\n\t\t\t\t<p><span class=\"wpcf7-form-control-wrap\" data-name=\"lisainfo\"><textarea cols=\"35\" rows=\"4\" maxlength=\"2000\" class=\"wpcf7-form-control wpcf7-textarea\" aria-invalid=\"false\" name=\"lisainfo\"><\/textarea><\/span>\n\t\t\t\t<\/p>\n\t\t\t<\/td>\n\t\t<\/tr>\n\t<\/tbody>\n<\/table>\n\n\n<!--\n<span class=\"wpcf7-form-control-wrap\" data-name=\"soovin\"><span class=\"wpcf7-form-control wpcf7-checkbox\"><span class=\"wpcf7-list-item first\"><input type=\"checkbox\" name=\"soovin[]\" value=\"Soovin lisainfot\" \/><span class=\"wpcf7-list-item-label\">Soovin lisainfot<\/span><\/span><span class=\"wpcf7-list-item last\"><input type=\"checkbox\" name=\"soovin[]\" value=\"Soovin demoversiooni\" \/><span class=\"wpcf7-list-item-label\">Soovin demoversiooni<\/span><\/span><\/span><\/span>\n\n\n\nHuvitab:\n\n<span class=\"wpcf7-form-control-wrap\" data-name=\"huvitab\"><span class=\"wpcf7-form-control wpcf7-checkbox\"><span class=\"wpcf7-list-item first\"><input type=\"checkbox\" name=\"huvitab[]\" value=\"Serverimajutus\" \/><span class=\"wpcf7-list-item-label\">Serverimajutus<\/span><\/span><span class=\"wpcf7-list-item\"><input type=\"checkbox\" name=\"huvitab[]\" value=\"E-poe ja kodulehe loomine\" \/><span class=\"wpcf7-list-item-label\">E-poe ja kodulehe loomine<\/span><\/span><span class=\"wpcf7-list-item\"><input type=\"checkbox\" name=\"huvitab[]\" value=\"Raamatupidamisteenus\" \/><span class=\"wpcf7-list-item-label\">Raamatupidamisteenus<\/span><\/span><span class=\"wpcf7-list-item\"><input type=\"checkbox\" name=\"huvitab[]\" value=\"Pearaamat\" \/><span class=\"wpcf7-list-item-label\">Pearaamat<\/span><\/span><span class=\"wpcf7-list-item\"><input type=\"checkbox\" name=\"huvitab[]\" value=\"Ladu\" \/><span class=\"wpcf7-list-item-label\">Ladu<\/span><\/span><span class=\"wpcf7-list-item\"><input type=\"checkbox\" name=\"huvitab[]\" value=\"Dokumendid\" \/><span class=\"wpcf7-list-item-label\">Dokumendid<\/span><\/span><span class=\"wpcf7-list-item\"><input type=\"checkbox\" name=\"huvitab[]\" value=\"Palk\" \/><span class=\"wpcf7-list-item-label\">Palk<\/span><\/span><span class=\"wpcf7-list-item\"><input type=\"checkbox\" name=\"huvitab[]\" value=\"Personal\" \/><span class=\"wpcf7-list-item-label\">Personal<\/span><\/span><span class=\"wpcf7-list-item\"><input type=\"checkbox\" name=\"huvitab[]\" value=\"Tootmine\" \/><span class=\"wpcf7-list-item-label\">Tootmine<\/span><\/span><span class=\"wpcf7-list-item\"><input type=\"checkbox\" name=\"huvitab[]\" value=\"\u00dc\u00fcriarvestus\" \/><span class=\"wpcf7-list-item-label\">\u00dc\u00fcriarvestus<\/span><\/span><span class=\"wpcf7-list-item\"><input type=\"checkbox\" name=\"huvitab[]\" value=\"T\u00f6\u00f6 l\u00e4bi interneti\" \/><span class=\"wpcf7-list-item-label\">T\u00f6\u00f6 l\u00e4bi interneti<\/span><\/span><span class=\"wpcf7-list-item\"><input type=\"checkbox\" name=\"huvitab[]\" value=\"Kaardimakse terminal\" \/><span class=\"wpcf7-list-item-label\">Kaardimakse terminal<\/span><\/span><span class=\"wpcf7-list-item\"><input type=\"checkbox\" name=\"huvitab[]\" value=\"Kassas\u00fcsteem\" \/><span class=\"wpcf7-list-item-label\">Kassas\u00fcsteem<\/span><\/span><span class=\"wpcf7-list-item\"><input type=\"checkbox\" name=\"huvitab[]\" value=\"E-Tellimiskeskus\" \/><span class=\"wpcf7-list-item-label\">E-Tellimiskeskus<\/span><\/span><span class=\"wpcf7-list-item last\"><input type=\"checkbox\" name=\"huvitab[]\" value=\"E-poe loomine\" \/><span class=\"wpcf7-list-item-label\">E-poe loomine<\/span><\/span><\/span><\/span>\n\n-->\n<p><div class=\"cf7-cf-turnstile\" style=\"margin-top: 0px; margin-bottom: -15px;\"> <div id=\"cf-turnstile-cf7-3779818847\" class=\"cf-turnstile\" data-sitekey=\"0x4AAAAAAChYLDxC2wCuHNlM\" data-theme=\"light\" data-language=\"auto\" data-size=\"normal\" data-retry=\"auto\" data-retry-interval=\"1000\" data-refresh-expired=\"auto\" data-refresh-timeout=\"auto\" data-action=\"contact-form-7\" data-callback=\"turnstileCF7Callback\" data-appearance=\"always\"><\/div> <script>document.addEventListener(\"DOMContentLoaded\", function() { setTimeout(function(){ var e=document.getElementById(\"cf-turnstile-cf7-3779818847\"); if(e&&!e.innerHTML.trim()){turnstile.render(e, {sitekey:\"0x4AAAAAAChYLDxC2wCuHNlM\"});} }, 200); });<\/script> <br class=\"cf-turnstile-br cf-turnstile-br-cf7-3779818847\"> <style>#cf-turnstile-cf7-3779818847 { margin-left: -15px; }<\/style> <script>document.addEventListener(\"DOMContentLoaded\",function(){document.querySelectorAll('.wpcf7-form').forEach(function(e){e.addEventListener('submit',function(){if(document.getElementById('cf-turnstile-cf7-3779818847')){setTimeout(function(){turnstile.reset('#cf-turnstile-cf7-3779818847');},1000)}})})});<\/script> <\/div><br\/><input class=\"wpcf7-form-control wpcf7-submit has-spinner\" type=\"submit\" value=\"Kinnitan andmete \u00f5igsust\" \/>\n<\/p><div class=\"wpcf7-response-output\" aria-hidden=\"true\"><\/div>\n<\/form>\n<\/div>\n\n<p><!-- \n\n\n\n<form action=\"http:\/\/www.eetasoft.ee\/cgi-bin\/post.pl\" method=\"POST\"><input type=\"hidden\" name=\"recipient\" value=\"eetasoft@online.ee\" \/> <input type=\"hidden\" name=\"subject\" value=\"Eeva Majandustarkvara kontaktvorm\" \/> <input type=\"hidden\" name=\"env_report\" value=\"REMOTE_HOST\" \/> <input type=\"hidden\" name=\"required\" value=\"Firma_nimi,realname,Amet,email,Telefon,Aadress,Indeks,Linn,Kust_sattus_lehele\" \/> <input type=\"hidden\" name=\"missing_fields_redirect\" value=\"https:\/\/eetasoft.ee\/eeva\/vormiviga\" \/> <input type=\"hidden\" name=\"redirect\" value=\"http:\/\/www.eetasoft.ee\/download.htm\" \/>\n\n\n<table width=\"512\" border=\"1\" cellspacing=\"5\">\n\n\n<tbody>\n\n\n<tr>\n\n\n<td>\n\n\n<div align=\"center\">\n\n\n<table width=\"530\">\n\n\n<tbody>\n\n\n<tr>\n\n\n<td align=\"right\" width=\"200\">Ettev\u00f5tte nimi<\/td>\n\n\n\n\n<td><\/td>\n\n\n\n\n<td nowrap=\"nowrap\"><input type=\"text\" maxlength=\"40\" name=\"Firma_nimi\" size=\"25\" \/>\u00a0<span style=\"color: #ff0000;\">*<\/span><\/td>\n\n\n<\/tr>\n\n\n\n\n<tr>\n\n\n<td align=\"right\" width=\"200\">Ees ja perenimi<\/td>\n\n\n\n\n<td><\/td>\n\n\n\n\n<td><input type=\"text\" maxlength=\"40\" name=\"realname\" size=\"25\" \/> <span style=\"color: #ff3300;\">* <\/span><\/td>\n\n\n<\/tr>\n\n\n\n\n<tr>\n\n\n<td align=\"right\" width=\"200\">Amet<\/td>\n\n\n\n\n<td><\/td>\n\n\n\n\n<td><input type=\"text\" maxlength=\"40\" name=\"Amet\" size=\"25\" \/> <span style=\"color: #ff3300;\">* <\/span><\/td>\n\n\n<\/tr>\n\n\n\n\n<tr>\n\n\n<td align=\"right\" width=\"200\">E-post<\/td>\n\n\n\n\n<td align=\"center\" width=\"2\"><\/td>\n\n\n\n\n<td width=\"200\"><input type=\"text\" maxlength=\"40\" name=\"email\" size=\"25\" \/> <span style=\"color: #ff3300;\">* <\/span><\/td>\n\n\n<\/tr>\n\n\n\n\n<tr>\n\n\n<td align=\"right\" width=\"200\">Telefon<\/td>\n\n\n\n\n<td align=\"center\" width=\"2\"><\/td>\n\n\n\n\n<td><input type=\"text\" maxlength=\"40\" name=\"Telefon\" size=\"25\" \/> <span style=\"color: #ff3300;\">*<\/span><\/td>\n\n\n<\/tr>\n\n\n\n\n<tr>\n\n\n<td align=\"right\" width=\"200\">Aadress<\/td>\n\n\n\n\n<td align=\"center\" width=\"2\"><\/td>\n\n\n\n\n<td><input type=\"text\" maxlength=\"40\" name=\"Aadress\" size=\"25\" \/> <span style=\"color: #ff3300;\">* <\/span><\/td>\n\n\n<\/tr>\n\n\n\n\n<tr>\n\n\n<td align=\"right\" width=\"200\">Postiindeks<\/td>\n\n\n\n\n<td align=\"center\" width=\"2\"><\/td>\n\n\n\n\n<td><input type=\"text\" maxlength=\"6\" name=\"Indeks\" size=\"7\" \/> <span style=\"color: #ff3300;\">* <\/span><\/td>\n\n\n<\/tr>\n\n\n\n\n<tr>\n\n\n<td align=\"right\" width=\"200\">Linn<\/td>\n\n\n\n\n<td align=\"center\" width=\"2\"><\/td>\n\n\n\n\n<td><input type=\"text\" maxlength=\"40\" name=\"Linn\" size=\"25\" \/> <span style=\"color: #ff3300;\">* <\/span><\/td>\n\n\n<\/tr>\n\n\n\n\n<tr>\n\n\n<td align=\"right\" width=\"200\">Tegevusala<\/td>\n\n\n\n\n<td align=\"center\" width=\"2\"><\/td>\n\n\n\n\n<td><input type=\"text\" maxlength=\"40\" name=\"Firma_tegevusala\" size=\"25\" \/><\/td>\n\n\n<\/tr>\n\n\n\n\n<tr>\n\n\n<td align=\"right\" width=\"200\">Kust kuulsid Eevast?<\/td>\n\n\n\n\n<td align=\"center\" width=\"2\"><\/td>\n\n\n\n\n<td><input type=\"text\" maxlength=\"40\" name=\"Kust_sattus_lehele\" size=\"25\" \/> <span style=\"color: #ff3300;\">*<\/span><\/td>\n\n\n<\/tr>\n\n\n\n\n<tr>\n\n\n<td align=\"right\" width=\"200\">Kommentaarid ja k\u00fcsimused<\/td>\n\n\n\n\n<td align=\"center\" width=\"2\"><\/td>\n\n\n\n\n<td><textarea cols=\"35\" name=\"Kommentaar\" rows=\"4\"><\/textarea><\/td>\n\n\n<\/tr>\n\n\n\n\n<tr>\n\n\n<td align=\"right\" nowrap=\"nowrap\" width=\"200\">Soovin lisainfot<\/td>\n\n\n\n\n<td align=\"center\" width=\"2\"><\/td>\n\n\n\n\n<td><input type=\"checkbox\" name=\"Soovib_lisainfot\" value=\"jah\" \/><\/td>\n\n\n<\/tr>\n\n\n\n\n<tr>\n\n\n<td align=\"right\" nowrap=\"nowrap\" width=\"200\">Soovin demoversiooni<\/td>\n\n\n\n\n<td align=\"center\" width=\"2\"><\/td>\n\n\n\n\n<td><input type=\"checkbox\" name=\"Soovib_demoversiooni\" value=\"jah\" \/><\/td>\n\n\n<\/tr>\n\n\n<\/tbody>\n\n\n<\/table>\n\n\nHuvitab:\n\n<\/div>\n\n\n\n\n<div>\n\n\n<table border=\"0\">\n\n\n<tbody>\n\n\n<tr>\n\n\n<td width=\"121\"><input type=\"checkbox\" name=\"Serverimajutus\" value=\"soovin\" \/>Serverimajutus<\/td>\n\n\n\n\n<td width=\"121\"><input type=\"checkbox\" name=\"EPoodJaKoduleht\" value=\"soovin\" \/>E-poe ja kodulehe loomine<\/td>\n\n\n\n\n<td width=\"121\"><input type=\"checkbox\" name=\"Raamatupidamisteenus\" value=\"soovin\" \/>Raamatupidamisteenus<\/td>\n\n\n<\/tr>\n\n\n\n\n<tr>\n\n\n<td width=\"121\"><input type=\"checkbox\" name=\"Pearaamat\" value=\"soovin\" \/> Pearaamat<\/td>\n\n\n\n\n<td width=\"121\"><input type=\"checkbox\" name=\"Ladu\" value=\"soovin\" \/> Ladu<\/td>\n\n\n\n\n<td width=\"121\"><input type=\"checkbox\" name=\"Dokumendid\" value=\"soovin\" \/> Dokumendid<\/td>\n\n\n<\/tr>\n\n\n\n\n<tr>\n\n\n<td width=\"121\"><input type=\"checkbox\" name=\"Palk\" value=\"soovin\" \/> Palk<\/td>\n\n\n\n\n<td width=\"121\"><input type=\"checkbox\" name=\"Personal\" value=\"soovin\" \/> Personal<\/td>\n\n\n\n\n<td width=\"121\"><input type=\"checkbox\" name=\"Tootmine\" value=\"soovin\" \/> Tootmine<\/td>\n\n\n<\/tr>\n\n\n\n\n<tr>\n\n\n<td width=\"121\"><input type=\"checkbox\" name=\"Korteri\u00fchistu\" value=\"soovin\" \/> Korteri\u00fchistu<\/td>\n\n\n\n\n<td width=\"121\"><input type=\"checkbox\" name=\"Pohivara\" value=\"soovin\" \/> P\u00f5hivara<\/td>\n\n\n\n\n<td width=\"121\"><input type=\"checkbox\" name=\"E-arved\" value=\"soovin\" \/> E-arved<\/td>\n\n\n<\/tr>\n\n\n\n\n<tr>\n\n\n<td width=\"121\"><input type=\"checkbox\" name=\"Yyriarv\" value=\"soovin\" \/> \u00dc\u00fcriarvestus<\/td>\n\n\n\n\n<td width=\"171\"><input type=\"checkbox\" name=\"Internetiserver\" value=\"soovin\" \/> T\u00f6\u00f6 l\u00e4bi interneti<\/td>\n\n\n\n\n<td nowrap=\"nowrap\" width=\"121\"><input type=\"checkbox\" name=\"Kaarditerminal\" value=\"soovin\" \/>\u00a0Kaardimakse\u00a0terminal<\/td>\n\n\n<\/tr>\n\n\n\n\n<tr>\n\n\n<td width=\"131\"><input type=\"checkbox\" name=\"Kassasyst\" value=\"soovin\" \/> Kassas\u00fcsteem<\/td>\n\n\n\n\n<td nowrap=\"nowrap\" width=\"121\"><input type=\"checkbox\" name=\"Etellimiskeskus\" value=\"soovin\" \/>\u00a0E-tellimiskeskus<\/td>\n\n\n\n\n<td nowrap=\"nowrap\" width=\"121\"><input type=\"checkbox\" name=\"EPoeloomine\" value=\"soovin\" \/> E-pood<\/td>\n\n\n<\/tr>\n\n\n<\/tbody>\n\n\n<\/table>\n\n\n<input type=\"submit\" name=\"edasi\" value=\" Kinnitan andmete \u00f5igsust \" \/>\n\n<\/div>\n\n<\/td>\n\n\n<\/tr>\n\n\n<\/tbody>\n\n\n<\/table>\n\n\n<\/form>\n\n\n\n--><\/p>\n","protected":false},"excerpt":{"rendered":"","protected":false},"author":1,"featured_media":0,"parent":0,"menu_order":0,"comment_status":"closed","ping_status":"open","template":"","meta":{"footnotes":""},"class_list":["post-12","page","type-page","status-publish","hentry","column","threecol"],"_links":{"self":[{"href":"https:\/\/eetasoft.ee\/eeva\/wp-json\/wp\/v2\/pages\/12","targetHints":{"allow":["GET"]}}],"collection":[{"href":"https:\/\/eetasoft.ee\/eeva\/wp-json\/wp\/v2\/pages"}],"about":[{"href":"https:\/\/eetasoft.ee\/eeva\/wp-json\/wp\/v2\/types\/page"}],"author":[{"embeddable":true,"href":"https:\/\/eetasoft.ee\/eeva\/wp-json\/wp\/v2\/users\/1"}],"replies":[{"embeddable":true,"href":"https:\/\/eetasoft.ee\/eeva\/wp-json\/wp\/v2\/comments?post=12"}],"version-history":[{"count":36,"href":"https:\/\/eetasoft.ee\/eeva\/wp-json\/wp\/v2\/pages\/12\/revisions"}],"predecessor-version":[{"id":656,"href":"https:\/\/eetasoft.ee\/eeva\/wp-json\/wp\/v2\/pages\/12\/revisions\/656"}],"wp:attachment":[{"href":"https:\/\/eetasoft.ee\/eeva\/wp-json\/wp\/v2\/media?parent=12"}],"curies":[{"name":"wp","href":"https:\/\/api.w.org\/{rel}","templated":true}]}}